{"id":11942,"date":"2025-10-22T14:28:51","date_gmt":"2025-10-22T14:28:51","guid":{"rendered":"https:\/\/ekspresa.com\/empleos\/"},"modified":"2026-03-27T01:14:46","modified_gmt":"2026-03-27T01:14:46","slug":"empleos","status":"publish","type":"page","link":"https:\/\/ekspresa.com\/es\/empleos\/","title":{"rendered":"Empleos"},"content":{"rendered":"\t\t<div data-elementor-type=\"wp-page\" data-elementor-id=\"11942\" class=\"elementor elementor-11942 elementor-862\" data-elementor-post-type=\"page\">\n\t\t\t\t<div class=\"elementor-element elementor-element-d358a15 background-container e-flex e-con-boxed e-con e-parent\" data-id=\"d358a15\" data-element_type=\"container\" data-e-type=\"container\" data-settings=\"{&quot;background_background&quot;:&quot;slideshow&quot;,&quot;background_slideshow_gallery&quot;:[{&quot;id&quot;:11940,&quot;url&quot;:&quot;https:\\\/\\\/ekspresa.com\\\/wp-content\\\/uploads\\\/2025\\\/10\\\/152204062963430500_a700x398.jpg&quot;},{&quot;id&quot;:11941,&quot;url&quot;:&quot;https:\\\/\\\/ekspresa.com\\\/wp-content\\\/uploads\\\/2025\\\/12\\\/152204062963430500_a700x398.jpg&quot;}],&quot;background_slideshow_slide_duration&quot;:9900,&quot;background_slideshow_ken_burns&quot;:&quot;yes&quot;,&quot;background_slideshow_loop&quot;:&quot;yes&quot;,&quot;background_slideshow_slide_transition&quot;:&quot;fade&quot;,&quot;background_slideshow_transition_duration&quot;:500,&quot;background_slideshow_ken_burns_zoom_direction&quot;:&quot;in&quot;}\">\n\t\t\t\t\t<div class=\"e-con-inner\">\n\t\t<div class=\"elementor-element elementor-element-a96057f e-con-full e-flex e-con e-child\" data-id=\"a96057f\" data-element_type=\"container\" data-e-type=\"container\">\n\t\t\t\t<div class=\"elementor-element elementor-element-4634bc7 elementor-widget elementor-widget-heading\" data-id=\"4634bc7\" data-element_type=\"widget\" data-e-type=\"widget\" data-widget_type=\"heading.default\">\n\t\t\t\t\t<h1 class=\"elementor-heading-title elementor-size-default\">Trabaja con nosotros<\/h1>\t\t\t\t<\/div>\n\t\t\t\t<\/div>\n\t\t\t\t\t<\/div>\n\t\t\t\t<\/div>\n\t\t<div class=\"elementor-element elementor-element-5f92e27 e-flex e-con-boxed e-con e-parent\" data-id=\"5f92e27\" data-element_type=\"container\" data-e-type=\"container\" data-settings=\"{&quot;background_background&quot;:&quot;classic&quot;}\">\n\t\t\t\t\t<div class=\"e-con-inner\">\n\t\t\t\t<div class=\"elementor-element elementor-element-873c36a elementor-widget-divider--view-line elementor-widget elementor-widget-divider\" data-id=\"873c36a\" data-element_type=\"widget\" data-e-type=\"widget\" data-widget_type=\"divider.default\">\n\t\t\t\t\t\t\t<div class=\"elementor-divider\">\n\t\t\t<span class=\"elementor-divider-separator\">\n\t\t\t\t\t\t<\/span>\n\t\t<\/div>\n\t\t\t\t\t\t<\/div>\n\t\t\t\t\t<\/div>\n\t\t\t\t<\/div>\n\t\t<div class=\"elementor-element elementor-element-392eb93 e-flex e-con-boxed e-con e-parent\" data-id=\"392eb93\" data-element_type=\"container\" data-e-type=\"container\">\n\t\t\t\t\t<div class=\"e-con-inner\">\n\t\t\t\t<div class=\"elementor-element elementor-element-434b432 elementor-widget elementor-widget-elementskit-post-list\" data-id=\"434b432\" data-element_type=\"widget\" data-e-type=\"widget\" data-widget_type=\"elementskit-post-list.default\">\n\t\t\t\t<div class=\"elementor-widget-container\">\n\t\t\t\t\t<div class=\"ekit-wid-con\" >\t\t<ul class=\"elementor-icon-list-items ekit-post-list-wrapper \">\n\t\t\t\t\t<\/ul>\n\t\t<\/div>\t\t\t\t<\/div>\n\t\t\t\t<\/div>\n\t\t\t\t\t<\/div>\n\t\t\t\t<\/div>\n\t\t<div class=\"elementor-element elementor-element-4e70b9a2 e-flex e-con-boxed e-con e-parent\" data-id=\"4e70b9a2\" data-element_type=\"container\" data-e-type=\"container\">\n\t\t\t\t\t<div class=\"e-con-inner\">\n\t\t<div class=\"elementor-element elementor-element-11ade2eb e-con-full e-flex e-con e-child\" data-id=\"11ade2eb\" data-element_type=\"container\" data-e-type=\"container\">\n\t\t<div class=\"elementor-element elementor-element-51e75dfc e-con-full e-flex e-con e-child\" data-id=\"51e75dfc\" data-element_type=\"container\" data-e-type=\"container\">\n\t\t\t\t<div class=\"elementor-element elementor-element-66821922 elementor-widget elementor-widget-elementskit-heading\" data-id=\"66821922\" data-element_type=\"widget\" data-e-type=\"widget\" data-widget_type=\"elementskit-heading.default\">\n\t\t\t\t\t<div class=\"ekit-wid-con\" ><div class=\"ekit-heading elementskit-section-title-wraper text_left   ekit_heading_tablet-text_center   ekit_heading_mobile-\"><h2 class=\"ekit-heading--title elementskit-section-title \"><span><span>Ofertas<\/span><\/span> de Empleos:<\/h2><\/div><\/div>\t\t\t\t<\/div>\n\t\t\t\t<div class=\"elementor-element elementor-element-1d0f9fe6 elementor-widget elementor-widget-text-editor\" data-id=\"1d0f9fe6\" data-element_type=\"widget\" data-e-type=\"widget\" data-widget_type=\"text-editor.default\">\n\t\t\t\t\t\t\t\t\t<p data-start=\"1811\" data-end=\"1975\">\u00danete a un equipo donde la innovaci\u00f3n, el aprendizaje continuo y los grandes desaf\u00edos se convierten en oportunidades reales para el desarrollo profesional.<\/p>\t\t\t\t\t\t\t\t<\/div>\n\t\t\t\t<\/div>\n\t\t<div class=\"elementor-element elementor-element-2f229d6d e-con-full e-flex e-con e-child\" data-id=\"2f229d6d\" data-element_type=\"container\" data-e-type=\"container\">\n\t\t\t\t<div class=\"elementor-element elementor-element-60251bce elementor-hidden-desktop elementor-hidden-tablet elementor-hidden-mobile elementor-invisible elementor-widget elementor-widget-jkit_button\" data-id=\"60251bce\" data-element_type=\"widget\" data-e-type=\"widget\" data-settings=\"{&quot;_animation&quot;:&quot;fadeIn&quot;,&quot;_animation_tablet&quot;:&quot;none&quot;}\" data-widget_type=\"jkit_button.default\">\n\t\t\t\t\t<div  class=\"jeg-elementor-kit jkit-button  icon-position-after jeg_module___6a04e6431ea84\" ><a href=\"#\" class=\"jkit-button-wrapper\">Ver todo<i aria-hidden=\"true\" class=\"jki jki-arrow-up-right-line\"><\/i><\/a><\/div>\t\t\t\t<\/div>\n\t\t\t\t<\/div>\n\t\t\t\t<\/div>\n\t\t\t\t\t<\/div>\n\t\t\t\t<\/div>\n\t\t<div class=\"elementor-element elementor-element-b048f4c e-flex e-con-boxed e-con e-parent\" data-id=\"b048f4c\" data-element_type=\"container\" data-e-type=\"container\">\n\t\t\t\t\t<div class=\"e-con-inner\">\n\t\t\t\t<div class=\"elementor-element elementor-element-e631137 elementor-widget elementor-widget-shortcode\" data-id=\"e631137\" data-element_type=\"widget\" data-e-type=\"widget\" data-widget_type=\"shortcode.default\">\n\t\t\t\t\t\t\t<div class=\"elementor-shortcode\"><div class=\"job-postings-filters clearfix filter-style-1\"><div class=\"job-listing-categories align-left\" role=\"group\" aria-label=\"Filter jobs by category\"><a href=\"https:\/\/ekspresa.com\/careers\/?job-category=all\" class=\"job-category job-category-all \">Todos<\/a><a href=\"https:\/\/ekspresa.com\/careers\/?job-category=el-salvador\" class=\"job-category job-category-el-salvador  \">El Salvador <span class=\"category\">(1)<\/span><\/a><a href=\"https:\/\/ekspresa.com\/careers\/?job-category=ingenieria\" class=\"job-category job-category-ingenieria  \">Ingenier\u00eda <span class=\"category\">(1)<\/span><\/a><a href=\"https:\/\/ekspresa.com\/careers\/?job-category=mexico\" class=\"job-category job-category-mexico  \">Mexico <span class=\"category\">(3)<\/span><\/a><a href=\"https:\/\/ekspresa.com\/careers\/?job-category=nicaragua\" class=\"job-category job-category-nicaragua  \">Nicaragua <span class=\"category\">(1)<\/span><\/a><a href=\"https:\/\/ekspresa.com\/careers\/?job-category=operaciones\" class=\"job-category job-category-operaciones  \">Operaciones <span class=\"category\">(3)<\/span><\/a><a href=\"https:\/\/ekspresa.com\/careers\/?job-category=republica-dominicana\" class=\"job-category job-category-republica-dominicana  \">Rep\u00fablica Dominicana <span class=\"category\">(2)<\/span><\/a><\/div><div class=\"jobs-search\"><form method=\"GET\" action=\"https:\/\/ekspresa.com\/careers\/\" role=\"search\" aria-label=\"Search for jobs\"><input type=\"hidden\" value=\"\" name=\"job-category\"><label for=\"job-search-input-1\" class=\"sr-only\">Search for jobs<\/label><input id=\"job-search-input-1\" class=\"job-search\" type=\"text\" placeholder=\"Buscar vacantes\" value=\"\" name=\"job-search\" aria-label=\"Search for jobs\"><button type=\"submit\" class=\"job-search-submit\" aria-label=\"Submit search\"><svg width=\"0px\" height=\"0px\" version=\"1.1\" xmlns=\"http:\/\/www.w3.org\/2000\/svg\" xmlns:xlink=\"http:\/\/www.w3.org\/1999\/xlink\" x=\"0px\" y=\"0px\"\r\n\t viewBox=\"0 0 56.966 56.966\" xml:space=\"preserve\">\r\n<path d=\"M55.146,51.887L41.588,37.786c3.486-4.144,5.396-9.358,5.396-14.786c0-12.682-10.318-23-23-23s-23,10.318-23,23\r\n\ts10.318,23,23,23c4.761,0,9.298-1.436,13.177-4.162l13.661,14.208c0.571,0.593,1.339,0.92,2.162,0.92\r\n\tc0.779,0,1.518-0.297,2.079-0.837C56.255,54.982,56.293,53.08,55.146,51.887z M23.984,6c9.374,0,17,7.626,17,17s-7.626,17-17,17\r\n\ts-17-7.626-17-17S14.61,6,23.984,6z\"\/>\r\n\r\n<\/svg>\r\n<span class=\"sr-only\">Search<\/span><\/button><\/form><\/div><\/div><section class=\"job-listing row clearfix\" aria-label=\"Job listings\"><div class=\"column medium-12 col-md-12\" role=\"list\"><article class=\"job-preview clearfix\" role=\"article\" aria-labelledby=\"job-title-13389\"><div class=\"job-content\"><h5><a href=\"https:\/\/ekspresa.com\/es\/job\/datacom-engineer-huawei-specialist-ip-mpls\/\" id=\"job-title-13389\" target=\"_self\"><span>Gerente de Proyectos II \u2013 H\u00edbrido | M\u00e9xico<\/span><\/a><\/h5><div class=\"job-additional-information\" aria-label=\"Additional job information\"><span>Full-time<\/span><div class=\"job_custom_message\">Gerente de Proyectos II \u2013 H\u00edbrido | M\u00e9xico<\/div><\/div><\/div><div class=\"job-cta\"><a href=\"https:\/\/ekspresa.com\/es\/job\/datacom-engineer-huawei-specialist-ip-mpls\/\" target=\"_self\" class=\"apply-btn local\" aria-label=\"View job: Gerente de Proyectos II \u2013 H\u00edbrido | M\u00e9xico\">Ver<\/a><\/div><\/article><article class=\"job-preview clearfix\" role=\"article\" aria-labelledby=\"job-title-13387\"><div class=\"job-content\"><h5><a href=\"https:\/\/ekspresa.com\/es\/job\/gerente-de-proyectos-ii-ejecucion-estrategica-de-proyectos-hibrido-mexico\/\" id=\"job-title-13387\" target=\"_self\"><span>Gerente de Proyectos II \u2013 Ejecuci\u00f3n Estrat\u00e9gica de Proyectos | H\u00edbrido \u2013 M\u00e9xico<\/span><\/a><\/h5><div class=\"job-additional-information\" aria-label=\"Additional job information\"><div class=\"job_custom_message\">Gerente de Proyectos II \u2013 Ejecuci\u00f3n Estrat\u00e9gica de Proyectos | H\u00edbrido \u2013 M\u00e9xico<\/div><\/div><\/div><div class=\"job-cta\"><a href=\"https:\/\/ekspresa.com\/es\/job\/gerente-de-proyectos-ii-ejecucion-estrategica-de-proyectos-hibrido-mexico\/\" target=\"_self\" class=\"apply-btn local\" aria-label=\"View job: Gerente de Proyectos II \u2013 Ejecuci\u00f3n Estrat\u00e9gica de Proyectos | H\u00edbrido \u2013 M\u00e9xico\">Ver<\/a><\/div><\/article><article class=\"job-preview clearfix\" role=\"article\" aria-labelledby=\"job-title-13232\"><div class=\"job-content\"><h5><a href=\"https:\/\/ekspresa.com\/es\/job\/ingeniero-de-datacom-especialista-huawei-ip-mpls\/\" id=\"job-title-13232\" target=\"_self\"><span>Ingeniero de Datacom (Especialista Huawei \/ IP-MPLS)<\/span><\/a><\/h5><div class=\"job-additional-information\" aria-label=\"Additional job information\"><span>San Salvador<\/span><span class=\"job-preview-details-separator\">, <span><span>Full-time<\/span><div class=\"job_custom_message\">Ingeniero de Datacom (Especialista Huawei \/ IP-MPLS)<\/div><\/div><\/div><div class=\"job-cta\"><a href=\"https:\/\/ekspresa.com\/es\/job\/ingeniero-de-datacom-especialista-huawei-ip-mpls\/\" target=\"_self\" class=\"apply-btn local\" aria-label=\"View job: Ingeniero de Datacom (Especialista Huawei \/ IP-MPLS)\">Ver<\/a><\/div><\/article><\/div><\/section>\n<\/div>\n\t\t\t\t\t\t<\/div>\n\t\t\t\t\t<\/div>\n\t\t\t\t<\/div>\n\t\t<div class=\"elementor-element elementor-element-850dd14 e-flex e-con-boxed elementor-invisible e-con e-parent\" data-id=\"850dd14\" data-element_type=\"container\" data-e-type=\"container\" data-settings=\"{&quot;background_background&quot;:&quot;classic&quot;,&quot;animation&quot;:&quot;fadeInUp&quot;}\">\n\t\t\t\t\t<div class=\"e-con-inner\">\n\t\t\t\t<div class=\"elementor-element elementor-element-e0af6f4 elementor-widget-divider--view-line elementor-widget elementor-widget-divider\" data-id=\"e0af6f4\" data-element_type=\"widget\" data-e-type=\"widget\" data-widget_type=\"divider.default\">\n\t\t\t\t\t\t\t<div class=\"elementor-divider\">\n\t\t\t<span class=\"elementor-divider-separator\">\n\t\t\t\t\t\t<\/span>\n\t\t<\/div>\n\t\t\t\t\t\t<\/div>\n\t\t\t\t\t<\/div>\n\t\t\t\t<\/div>\n\t\t<div class=\"elementor-element elementor-element-6a30024 e-flex e-con-boxed e-con e-parent\" data-id=\"6a30024\" data-element_type=\"container\" data-e-type=\"container\">\n\t\t\t\t\t<div class=\"e-con-inner\">\n\t\t\t\t<div class=\"elementor-element elementor-element-0a9dd33 elementor-widget elementor-widget-heading\" data-id=\"0a9dd33\" data-element_type=\"widget\" data-e-type=\"widget\" data-widget_type=\"heading.default\">\n\t\t\t\t\t<h2 class=\"elementor-heading-title elementor-size-default\">Tu pr\u00f3ximo gran paso profesional comienza aqu\u00ed.<\/h2>\t\t\t\t<\/div>\n\t\t\t\t<div class=\"elementor-element elementor-element-b197eb1 elementor-widget__width-initial elementor-widget-mobile__width-inherit elementor-widget elementor-widget-text-editor\" data-id=\"b197eb1\" data-element_type=\"widget\" data-e-type=\"widget\" data-widget_type=\"text-editor.default\">\n\t\t\t\t\t\t\t\t\t<p>En Ekspresa valoramos el talento, fomentamos el desarrollo y creamos un espacio para que cada miembro del equipo crezca, aprenda y deje su huella.<\/p>\t\t\t\t\t\t\t\t<\/div>\n\t\t\t\t<div class=\"elementor-element elementor-element-01c8b03 elementor-align-center elementor-widget elementor-widget-button\" data-id=\"01c8b03\" data-element_type=\"widget\" data-e-type=\"widget\" data-widget_type=\"button.default\">\n\t\t\t\t\t\t\t\t\t\t<a class=\"elementor-button elementor-button-link elementor-size-sm\" href=\"https:\/\/ekspresa.com\/contact-us\/\">\n\t\t\t\t\t\t<span class=\"elementor-button-content-wrapper\">\n\t\t\t\t\t\t\t\t\t<span class=\"elementor-button-text\">Si\u00e9ntase libre de contactar con nosotros<\/span>\n\t\t\t\t\t<\/span>\n\t\t\t\t\t<\/a>\n\t\t\t\t\t\t\t\t<\/div>\n\t\t\t\t\t<\/div>\n\t\t\t\t<\/div>\n\t\t\t\t<\/div>\n\t\t","protected":false},"excerpt":{"rendered":"<p>Trabaja con nosotros Ofertas de Empleos: \u00danete a un equipo donde la innovaci\u00f3n, el aprendizaje continuo y los grandes desaf\u00edos se convierten en oportunidades reales para el desarrollo profesional. Ver todo Tu pr\u00f3ximo gran paso profesional comienza aqu\u00ed. En Ekspresa valoramos el talento, fomentamos el desarrollo y creamos un espacio para que cada miembro del [&hellip;]<\/p>\n","protected":false},"author":2,"featured_media":0,"parent":0,"menu_order":0,"comment_status":"closed","ping_status":"closed","template":"elementor_header_footer","meta":{"footnotes":""},"class_list":["post-11942","page","type-page","status-publish","hentry"],"yoast_head":"<!-- This site is optimized with the Yoast SEO plugin v27.5 - https:\/\/yoast.com\/product\/yoast-seo-wordpress\/ -->\n<title>Empleos - Ekspresa<\/title>\n<meta name=\"description\" content=\"M\u00e1s de 10 a\u00f1os ayudando a operadores de redes de telecomunicaciones a construir mejores redes en Latinoam\u00e9rica\u2026\" \/>\n<meta name=\"robots\" content=\"index, follow, max-snippet:-1, max-image-preview:large, max-video-preview:-1\" \/>\n<link rel=\"canonical\" href=\"https:\/\/ekspresa.com\/es\/empleos\/\" \/>\n<meta property=\"og:locale\" content=\"es_ES\" \/>\n<meta property=\"og:type\" content=\"article\" \/>\n<meta property=\"og:title\" content=\"Empleos - Ekspresa\" \/>\n<meta property=\"og:description\" content=\"M\u00e1s de 10 a\u00f1os ayudando a operadores de redes de telecomunicaciones a construir mejores redes en Latinoam\u00e9rica\u2026\" \/>\n<meta property=\"og:url\" content=\"https:\/\/ekspresa.com\/es\/empleos\/\" \/>\n<meta property=\"og:site_name\" content=\"Ekspresa\" \/>\n<meta property=\"article:modified_time\" content=\"2026-03-27T01:14:46+00:00\" \/>\n<meta name=\"twitter:card\" content=\"summary_large_image\" \/>\n<!-- \/ Yoast SEO plugin. -->","yoast_head_json":{"title":"Empleos - Ekspresa","description":"M\u00e1s de 10 a\u00f1os ayudando a operadores de redes de telecomunicaciones a construir mejores redes en Latinoam\u00e9rica\u2026","robots":{"index":"index","follow":"follow","max-snippet":"max-snippet:-1","max-image-preview":"max-image-preview:large","max-video-preview":"max-video-preview:-1"},"canonical":"https:\/\/ekspresa.com\/es\/empleos\/","og_locale":"es_ES","og_type":"article","og_title":"Empleos - Ekspresa","og_description":"M\u00e1s de 10 a\u00f1os ayudando a operadores de redes de telecomunicaciones a construir mejores redes en Latinoam\u00e9rica\u2026","og_url":"https:\/\/ekspresa.com\/es\/empleos\/","og_site_name":"Ekspresa","article_modified_time":"2026-03-27T01:14:46+00:00","twitter_card":"summary_large_image","schema":{"@context":"https:\/\/schema.org","@graph":[{"@type":"WebPage","@id":"https:\/\/ekspresa.com\/es\/empleos\/","url":"https:\/\/ekspresa.com\/es\/empleos\/","name":"Empleos - Ekspresa","isPartOf":{"@id":"https:\/\/ekspresa.com\/es\/#website"},"datePublished":"2025-10-22T14:28:51+00:00","dateModified":"2026-03-27T01:14:46+00:00","description":"M\u00e1s de 10 a\u00f1os ayudando a operadores de redes de telecomunicaciones a construir mejores redes en Latinoam\u00e9rica\u2026","breadcrumb":{"@id":"https:\/\/ekspresa.com\/es\/empleos\/#breadcrumb"},"inLanguage":"es","potentialAction":[{"@type":"ReadAction","target":["https:\/\/ekspresa.com\/es\/empleos\/"]}]},{"@type":"BreadcrumbList","@id":"https:\/\/ekspresa.com\/es\/empleos\/#breadcrumb","itemListElement":[{"@type":"ListItem","position":1,"name":"Home","item":"https:\/\/ekspresa.com\/es\/"},{"@type":"ListItem","position":2,"name":"Empleos"}]},{"@type":"WebSite","@id":"https:\/\/ekspresa.com\/es\/#website","url":"https:\/\/ekspresa.com\/es\/","name":"Ekspresa","description":"Engineering services","publisher":{"@id":"https:\/\/ekspresa.com\/es\/#organization"},"potentialAction":[{"@type":"SearchAction","target":{"@type":"EntryPoint","urlTemplate":"https:\/\/ekspresa.com\/es\/?s={search_term_string}"},"query-input":{"@type":"PropertyValueSpecification","valueRequired":true,"valueName":"search_term_string"}}],"inLanguage":"es"},{"@type":"Organization","@id":"https:\/\/ekspresa.com\/es\/#organization","name":"Ekspresa","url":"https:\/\/ekspresa.com\/es\/","logo":{"@type":"ImageObject","inLanguage":"es","@id":"https:\/\/ekspresa.com\/es\/#\/schema\/logo\/image\/","url":"https:\/\/ekspresa.com\/wp-content\/uploads\/2026\/03\/cropped-ICO.png","contentUrl":"https:\/\/ekspresa.com\/wp-content\/uploads\/2026\/03\/cropped-ICO.png","width":1007,"height":998,"caption":"Ekspresa"},"image":{"@id":"https:\/\/ekspresa.com\/es\/#\/schema\/logo\/image\/"}}]}},"_links":{"self":[{"href":"https:\/\/ekspresa.com\/es\/wp-json\/wp\/v2\/pages\/11942","targetHints":{"allow":["GET"]}}],"collection":[{"href":"https:\/\/ekspresa.com\/es\/wp-json\/wp\/v2\/pages"}],"about":[{"href":"https:\/\/ekspresa.com\/es\/wp-json\/wp\/v2\/types\/page"}],"author":[{"embeddable":true,"href":"https:\/\/ekspresa.com\/es\/wp-json\/wp\/v2\/users\/2"}],"replies":[{"embeddable":true,"href":"https:\/\/ekspresa.com\/es\/wp-json\/wp\/v2\/comments?post=11942"}],"version-history":[{"count":6,"href":"https:\/\/ekspresa.com\/es\/wp-json\/wp\/v2\/pages\/11942\/revisions"}],"predecessor-version":[{"id":12124,"href":"https:\/\/ekspresa.com\/es\/wp-json\/wp\/v2\/pages\/11942\/revisions\/12124"}],"wp:attachment":[{"href":"https:\/\/ekspresa.com\/es\/wp-json\/wp\/v2\/media?parent=11942"}],"curies":[{"name":"wp","href":"https:\/\/api.w.org\/{rel}","templated":true}]}}