{"id":12016,"date":"2025-10-29T15:47:43","date_gmt":"2025-10-29T15:47:43","guid":{"rendered":"https:\/\/ekspresa.com\/kleemann-en-ekspresa\/"},"modified":"2026-04-23T14:58:48","modified_gmt":"2026-04-23T14:58:48","slug":"kleemann-en-ekspresa","status":"publish","type":"page","link":"https:\/\/ekspresa.com\/es\/kleemann-en-ekspresa\/","title":{"rendered":"Kleemann en Ekspresa"},"content":{"rendered":"\t\t<div data-elementor-type=\"wp-page\" data-elementor-id=\"12016\" class=\"elementor elementor-12016 elementor-1137\" data-elementor-post-type=\"page\">\n\t\t\t\t<div class=\"elementor-element elementor-element-13818d6 background-container e-flex e-con-boxed e-con e-parent\" data-id=\"13818d6\" data-element_type=\"container\" data-e-type=\"container\" data-settings=\"{&quot;background_background&quot;:&quot;slideshow&quot;,&quot;background_slideshow_ken_burns&quot;:&quot;yes&quot;,&quot;background_slideshow_gallery&quot;:[{&quot;id&quot;:12009,&quot;url&quot;:&quot;https:\\\/\\\/ekspresa.com\\\/wp-content\\\/uploads\\\/2025\\\/11\\\/8A0A1925_0.jpg&quot;},{&quot;id&quot;:12010,&quot;url&quot;:&quot;https:\\\/\\\/ekspresa.com\\\/wp-content\\\/uploads\\\/2025\\\/10\\\/hotel.jpg&quot;},{&quot;id&quot;:12011,&quot;url&quot;:&quot;https:\\\/\\\/ekspresa.com\\\/wp-content\\\/uploads\\\/2025\\\/11\\\/8A0A1921_0.jpg&quot;}],&quot;background_slideshow_loop&quot;:&quot;yes&quot;,&quot;background_slideshow_slide_duration&quot;:5000,&quot;background_slideshow_slide_transition&quot;:&quot;fade&quot;,&quot;background_slideshow_transition_duration&quot;:500,&quot;background_slideshow_ken_burns_zoom_direction&quot;:&quot;in&quot;}\">\n\t\t\t\t\t<div class=\"e-con-inner\">\n\t\t<div class=\"elementor-element elementor-element-5418e3a e-con-full e-flex e-con e-child\" data-id=\"5418e3a\" data-element_type=\"container\" data-e-type=\"container\">\n\t\t\t\t<div class=\"elementor-element elementor-element-016a948 elementor-widget__width-auto elementor-widget-divider--view-line elementor-widget elementor-widget-divider\" data-id=\"016a948\" data-element_type=\"widget\" data-e-type=\"widget\" data-widget_type=\"divider.default\">\n\t\t\t\t\t\t\t<div class=\"elementor-divider\">\n\t\t\t<span class=\"elementor-divider-separator\">\n\t\t\t\t\t\t<\/span>\n\t\t<\/div>\n\t\t\t\t\t\t<\/div>\n\t\t\t\t<div class=\"elementor-element elementor-element-1b9e029 elementor-widget elementor-widget-heading\" data-id=\"1b9e029\" data-element_type=\"widget\" data-e-type=\"widget\" data-widget_type=\"heading.default\">\n\t\t\t\t\t<h1 class=\"elementor-heading-title elementor-size-default\">Ascensores a medida para edificios residenciales, oficinas y centros comerciales.<\/h1>\t\t\t\t<\/div>\n\t\t\t\t<\/div>\n\t\t\t\t\t<\/div>\n\t\t\t\t<\/div>\n\t\t<div class=\"elementor-element elementor-element-167d12a e-flex e-con-boxed e-con e-parent\" data-id=\"167d12a\" data-element_type=\"container\" data-e-type=\"container\" data-settings=\"{&quot;background_background&quot;:&quot;classic&quot;}\">\n\t\t\t\t\t<div class=\"e-con-inner\">\n\t\t\t\t<div class=\"elementor-element elementor-element-b09ec98 elementor-widget-divider--view-line elementor-widget elementor-widget-divider\" data-id=\"b09ec98\" data-element_type=\"widget\" data-e-type=\"widget\" data-widget_type=\"divider.default\">\n\t\t\t\t\t\t\t<div class=\"elementor-divider\">\n\t\t\t<span class=\"elementor-divider-separator\">\n\t\t\t\t\t\t<\/span>\n\t\t<\/div>\n\t\t\t\t\t\t<\/div>\n\t\t\t\t\t<\/div>\n\t\t\t\t<\/div>\n\t\t<div class=\"elementor-element elementor-element-9db8d85 e-con-full elementor-hidden-desktop e-flex e-con e-parent\" data-id=\"9db8d85\" data-element_type=\"container\" data-e-type=\"container\">\n\t\t<div class=\"elementor-element elementor-element-7862907 e-con-full e-flex e-con e-child\" data-id=\"7862907\" data-element_type=\"container\" data-e-type=\"container\">\n\t\t\t\t<div class=\"elementor-element elementor-element-bacf130 elementor-widget__width-initial elementor-widget elementor-widget-elementskit-heading\" data-id=\"bacf130\" data-element_type=\"widget\" data-e-type=\"widget\" data-widget_type=\"elementskit-heading.default\">\n\t\t\t\t\t<div class=\"ekit-wid-con\" ><div class=\"ekit-heading elementskit-section-title-wraper text_left   ekit_heading_tablet-text_center   ekit_heading_mobile-\"><h2 class=\"ekit-heading--title elementskit-section-title \">Soluciones <span>Kleemann<\/span><\/h2><\/div><\/div>\t\t\t\t<\/div>\n\t\t\t\t<div class=\"elementor-element elementor-element-355426e elementor-widget-mobile__width-inherit elementor-widget elementor-widget-text-editor\" data-id=\"355426e\" data-element_type=\"widget\" data-e-type=\"widget\" data-widget_type=\"text-editor.default\">\n\t\t\t\t\t\t\t\t\t<p>En <strong>Ekspresa<\/strong>, ofrecemos soluciones de acceso vertical de <strong>Kleemann<\/strong>, proporcionando tecnolog\u00edas de ascensores avanzadas que mejoran tanto la eficiencia como la seguridad.<\/p>\t\t\t\t\t\t\t\t<\/div>\n\t\t\t\t<\/div>\n\t\t<div class=\"elementor-element elementor-element-e763780 e-con-full e-flex e-con e-child\" data-id=\"e763780\" data-element_type=\"container\" data-e-type=\"container\" data-settings=\"{&quot;background_background&quot;:&quot;classic&quot;}\">\n\t\t\t\t<div class=\"elementor-element elementor-element-5d049de elementor-widget elementor-widget-spacer\" data-id=\"5d049de\" data-element_type=\"widget\" data-e-type=\"widget\" data-widget_type=\"spacer.default\">\n\t\t\t\t\t\t\t<div class=\"elementor-spacer\">\n\t\t\t<div class=\"elementor-spacer-inner\"><\/div>\n\t\t<\/div>\n\t\t\t\t\t\t<\/div>\n\t\t\t\t<\/div>\n\t\t\t\t<\/div>\n\t\t<div class=\"elementor-element elementor-element-9bd332e e-con-full elementor-hidden-tablet elementor-hidden-mobile e-flex e-con e-parent\" data-id=\"9bd332e\" data-element_type=\"container\" data-e-type=\"container\" data-settings=\"{&quot;background_background&quot;:&quot;classic&quot;}\">\n\t\t<div class=\"elementor-element elementor-element-ed21b86 e-con-full e-flex e-con e-child\" data-id=\"ed21b86\" data-element_type=\"container\" data-e-type=\"container\">\n\t\t\t\t<div class=\"elementor-element elementor-element-1e5212d elementor-widget__width-inherit elementor-widget elementor-widget-elementskit-heading\" data-id=\"1e5212d\" data-element_type=\"widget\" data-e-type=\"widget\" data-widget_type=\"elementskit-heading.default\">\n\t\t\t\t\t<div class=\"ekit-wid-con\" ><div class=\"ekit-heading elementskit-section-title-wraper text_left   ekit_heading_tablet-text_center   ekit_heading_mobile-\"><h2 class=\"ekit-heading--title elementskit-section-title \"> <span>Kleemann<\/span> Soluciones<\/h2><\/div><\/div>\t\t\t\t<\/div>\n\t\t\t\t<div class=\"elementor-element elementor-element-7e80d91 elementor-widget elementor-widget-text-editor\" data-id=\"7e80d91\" data-element_type=\"widget\" data-e-type=\"widget\" data-widget_type=\"text-editor.default\">\n\t\t\t\t\t\t\t\t\t<p>En <strong>Ekspresa<\/strong>, ofrecemos soluciones de acceso vertical de <strong>Kleemann<\/strong>, proporcionando tecnolog\u00edas de ascensores avanzadas que mejoran tanto la eficiencia como la seguridad.<\/p>\t\t\t\t\t\t\t\t<\/div>\n\t\t\t\t<\/div>\n\t\t<div class=\"elementor-element elementor-element-2521a68 e-con-full e-flex e-con e-child\" data-id=\"2521a68\" data-element_type=\"container\" data-e-type=\"container\" data-settings=\"{&quot;background_background&quot;:&quot;classic&quot;}\">\n\t\t\t\t<\/div>\n\t\t\t\t<\/div>\n\t\t<div class=\"elementor-element elementor-element-d990b27 e-flex e-con-boxed e-con e-parent\" data-id=\"d990b27\" data-element_type=\"container\" data-e-type=\"container\" data-settings=\"{&quot;background_background&quot;:&quot;classic&quot;}\">\n\t\t\t\t\t<div class=\"e-con-inner\">\n\t\t<div class=\"elementor-element elementor-element-88a2241 e-con-full e-flex e-con e-child\" data-id=\"88a2241\" data-element_type=\"container\" data-e-type=\"container\">\n\t\t\t\t<div class=\"elementor-element elementor-element-43157e2 elementor-widget elementor-widget-heading\" data-id=\"43157e2\" data-element_type=\"widget\" data-e-type=\"widget\" data-widget_type=\"heading.default\">\n\t\t\t\t\t<h3 class=\"elementor-heading-title elementor-size-default\">Ascensores KLEEMANN<\/h3>\t\t\t\t<\/div>\n\t\t\t\t<div class=\"elementor-element elementor-element-6d292d4 elementor-widget__width-initial elementor-widget-mobile__width-inherit elementor-widget elementor-widget-heading\" data-id=\"6d292d4\" data-element_type=\"widget\" data-e-type=\"widget\" data-widget_type=\"heading.default\">\n\t\t\t\t\t<p class=\"elementor-heading-title elementor-size-default\">Expertos en todo tipo de promociones.<\/p>\t\t\t\t<\/div>\n\t\t\t\t<\/div>\n\t\t<div class=\"elementor-element elementor-element-6aeee88 e-con-full e-flex e-con e-child\" data-id=\"6aeee88\" data-element_type=\"container\" data-e-type=\"container\">\n\t\t\t\t<div class=\"elementor-element elementor-element-00fbea0 elementor-widget elementor-widget-text-editor\" data-id=\"00fbea0\" data-element_type=\"widget\" data-e-type=\"widget\" data-widget_type=\"text-editor.default\">\n\t\t\t\t\t\t\t\t\t<p data-path-to-node=\"3\"><b data-path-to-node=\"3\" data-index-in-node=\"0\">KLEEMANN <\/b>es un socio global para todo tipo de ascensores de pasajeros y de carga, con capacidades de hasta <b data-path-to-node=\"3\" data-index-in-node=\"104\">30 toneladas<\/b> y velocidades de hasta <b data-path-to-node=\"3\" data-index-in-node=\"132\">4 m\/s,<\/b> as\u00ed como escaleras mec\u00e1nicas, pasillos rodantes, soluciones para el hogar, modernizaci\u00f3n, soluciones mar\u00edtimas, sistemas de estacionamiento, ascensores contra incendios, ascensores sismorresistentes, antivand\u00e1licos y ecol\u00f3gicos, y productos de accesibilidad.<\/p><p data-path-to-node=\"4\">Desde proyectos p\u00fablicos a gran escala con exigentes especificaciones y plazos de entrega reducidos, hasta soluciones comerciales rentables, compactas y resistentes, o proyectos de viviendas privadas asequibles, <b data-path-to-node=\"4\" data-index-in-node=\"227\">KLEEMANN <\/b>desarrolla productos ideales, seguros y fiables.<\/p><p data-path-to-node=\"5\">KLEEMANN ofrece sistemas completos de tracci\u00f3n y elevaci\u00f3n hidr\u00e1ulica, con o sin sala de m\u00e1quinas, desde el dise\u00f1o inicial hasta el desarrollo y la producci\u00f3n. Todos los ascensores se someten a pruebas rigurosas para garantizar su facilidad de uso y su fiabilidad continua.<\/p>\t\t\t\t\t\t\t\t<\/div>\n\t\t\t\t<\/div>\n\t\t\t\t\t<\/div>\n\t\t\t\t<\/div>\n\t\t<div class=\"elementor-element elementor-element-edb1160 e-flex e-con-boxed e-con e-parent\" data-id=\"edb1160\" data-element_type=\"container\" data-e-type=\"container\" data-settings=\"{&quot;background_background&quot;:&quot;classic&quot;}\">\n\t\t\t\t\t<div class=\"e-con-inner\">\n\t\t<div class=\"elementor-element elementor-element-f951d51 e-con-full e-flex e-con e-child\" data-id=\"f951d51\" data-element_type=\"container\" data-e-type=\"container\" data-settings=\"{&quot;background_background&quot;:&quot;classic&quot;}\">\n\t\t\t\t<div class=\"elementor-element elementor-element-936e552 elementor-widget__width-inherit elementor-widget elementor-widget-icon-box\" data-id=\"936e552\" data-element_type=\"widget\" data-e-type=\"widget\" data-widget_type=\"icon-box.default\">\n\t\t\t\t\t\t\t<div class=\"elementor-icon-box-wrapper\">\n\n\t\t\t\n\t\t\t\t\t\t<div class=\"elementor-icon-box-content\">\n\n\t\t\t\t\t\t\t\t\t<h4 class=\"elementor-icon-box-title\">\n\t\t\t\t\t\t<span  >\n\t\t\t\t\t\t\tAscensores\t\t\t\t\t\t<\/span>\n\t\t\t\t\t<\/h4>\n\t\t\t\t\n\t\t\t\t\t\t\t\t\t<p class=\"elementor-icon-box-description\">\n\t\t\t\t\t\tSoluciones completas de tracci\u00f3n e hidr\u00e1ulicas, con o sin sala de m\u00e1quinas, para proyectos comerciales, p\u00fablicos y residenciales. Nos centramos en la seguridad, la comodidad y la eficiencia energ\u00e9tica.\t\t\t\t\t<\/p>\n\t\t\t\t\n\t\t\t<\/div>\n\t\t\t\n\t\t<\/div>\n\t\t\t\t\t\t<\/div>\n\t\t\t\t<\/div>\n\t\t\t\t\t<\/div>\n\t\t\t\t<\/div>\n\t\t<div class=\"elementor-element elementor-element-d4354d9 e-flex e-con-boxed e-con e-parent\" data-id=\"d4354d9\" data-element_type=\"container\" data-e-type=\"container\" data-settings=\"{&quot;background_background&quot;:&quot;video&quot;,&quot;background_video_link&quot;:&quot;https:\\\/\\\/ekspresa.com\\\/wp-content\\\/uploads\\\/2025\\\/10\\\/kleemann_facilities.mp4&quot;,&quot;background_play_on_mobile&quot;:&quot;yes&quot;}\">\n\t\t\t\t\t<div class=\"e-con-inner\">\n\t\t<div class=\"elementor-background-video-container\">\n\t\t\t\t\t\t\t<video class=\"elementor-background-video-hosted\" role=\"presentation\" autoplay muted playsinline loop><\/video>\n\t\t\t\t\t<\/div><div class=\"elementor-element elementor-element-2d90f51 e-con-full e-flex e-con e-child\" data-id=\"2d90f51\" data-element_type=\"container\" data-e-type=\"container\">\n\t\t\t\t<div class=\"elementor-element elementor-element-c0ef2a5 elementor-widget__width-initial elementor-hidden-desktop elementor-hidden-tablet elementor-hidden-mobile elementor-widget elementor-widget-elementskit-video\" data-id=\"c0ef2a5\" data-element_type=\"widget\" data-e-type=\"widget\" data-widget_type=\"elementskit-video.default\">\n\t\t\t\t<div class=\"elementor-widget-container\">\n\t\t\t\t\t<div class=\"ekit-wid-con\" >\t\t<div class=\"video-content\" data-video-player=\"[]\" data-video-setting=\"{&quot;videoVolume&quot;:&quot;horizontal&quot;,&quot;startVolume&quot;:0.8000000000000000444089209850062616169452667236328125,&quot;videoType&quot;:&quot;iframe&quot;,&quot;videoClass&quot;:&quot;mfp-fade&quot;,&quot;videoStyle&quot;:&quot;popup&quot;,&quot;videoTypeName&quot;:&quot;youtube&quot;,&quot;autoplay&quot;:false,&quot;muted&quot;:false,&quot;loop&quot;:false}\">\n\t\t\t\n<a class=\"ekit_icon_button glow-ripple ekit-video-popup ekit-video-popup-btn\" href=\"?playlist=&amp;mute=0&amp;autoplay=0&amp;loop=no&amp;controls=0&amp;start=0&amp;end=\" aria-label=\"video-popup\">\n\t\t\t\t<i aria-hidden=\"true\" class=\"icon icon-play\"><\/i>\t\t\n\t\t\t<\/a>\n\t\t\t\t\t\t\t<div class=\"ekit-hidden-icons\" hidden aria-hidden=\"true\">\n\t\t\t\t\t<i class=\"ekit-popup-close-icon icon icon-cancel\"><\/i>\t\t\t\t<\/div>\n\t\t<\/div>\n\t\t<\/div>\t\t\t\t<\/div>\n\t\t\t\t<\/div>\n\t\t\t\t<div class=\"elementor-element elementor-element-8e91b66 elementor-widget elementor-widget-spacer\" data-id=\"8e91b66\" data-element_type=\"widget\" data-e-type=\"widget\" data-widget_type=\"spacer.default\">\n\t\t\t\t\t\t\t<div class=\"elementor-spacer\">\n\t\t\t<div class=\"elementor-spacer-inner\"><\/div>\n\t\t<\/div>\n\t\t\t\t\t\t<\/div>\n\t\t\t\t<\/div>\n\t\t<div class=\"elementor-element elementor-element-eb77f44 e-con-full e-flex e-con e-child\" data-id=\"eb77f44\" data-element_type=\"container\" data-e-type=\"container\" data-settings=\"{&quot;background_background&quot;:&quot;classic&quot;}\">\n\t\t\t\t<div class=\"elementor-element elementor-element-0d0b4c6 elementor-widget__width-inherit elementor-widget elementor-widget-icon-box\" data-id=\"0d0b4c6\" data-element_type=\"widget\" data-e-type=\"widget\" data-widget_type=\"icon-box.default\">\n\t\t\t\t\t\t\t<div class=\"elementor-icon-box-wrapper\">\n\n\t\t\t\n\t\t\t\t\t\t<div class=\"elementor-icon-box-content\">\n\n\t\t\t\t\t\t\t\t\t<h4 class=\"elementor-icon-box-title\">\n\t\t\t\t\t\t<span  >\n\t\t\t\t\t\t\tSoluciones especiales y modernizaci\u00f3n\t\t\t\t\t\t<\/span>\n\t\t\t\t\t<\/h4>\n\t\t\t\t\n\t\t\t\t\t\t\t\t\t<p class=\"elementor-icon-box-description\">\n\t\t\t\t\t\tUna cartera integral de soluciones para la accesibilidad (sillas salvaescaleras y plataformas), sistemas de estacionamiento, ascensores mar\u00edtimos, modernizaci\u00f3n total o parcial y personalizaci\u00f3n de cabinas (acabados, puertas, techos, suelos y accesorios\/paneles de control).\t\t\t\t\t<\/p>\n\t\t\t\t\n\t\t\t<\/div>\n\t\t\t\n\t\t<\/div>\n\t\t\t\t\t\t<\/div>\n\t\t\t\t<\/div>\n\t\t\t\t\t<\/div>\n\t\t\t\t<\/div>\n\t\t<div class=\"elementor-element elementor-element-bbf4dac e-flex e-con-boxed e-con e-parent\" data-id=\"bbf4dac\" data-element_type=\"container\" data-e-type=\"container\" data-settings=\"{&quot;background_background&quot;:&quot;classic&quot;}\">\n\t\t\t\t\t<div class=\"e-con-inner\">\n\t\t<div class=\"elementor-element elementor-element-57530c7 e-con-full e-flex e-con e-child\" data-id=\"57530c7\" data-element_type=\"container\" data-e-type=\"container\" data-settings=\"{&quot;background_background&quot;:&quot;classic&quot;}\">\n\t\t\t\t<div class=\"elementor-element elementor-element-bafaa6a elementor-widget__width-inherit elementor-widget elementor-widget-icon-box\" data-id=\"bafaa6a\" data-element_type=\"widget\" data-e-type=\"widget\" data-widget_type=\"icon-box.default\">\n\t\t\t\t\t\t\t<div class=\"elementor-icon-box-wrapper\">\n\n\t\t\t\n\t\t\t\t\t\t<div class=\"elementor-icon-box-content\">\n\n\t\t\t\t\t\t\t\t\t<h4 class=\"elementor-icon-box-title\">\n\t\t\t\t\t\t<span  >\n\t\t\t\t\t\t\tEscaleras mec\u00e1nicas y pasillos rodantes\t\t\t\t\t\t<\/span>\n\t\t\t\t\t<\/h4>\n\t\t\t\t\n\t\t\t\t\t\t\t\t\t<p class=\"elementor-icon-box-description\">\n\t\t\t\t\t\tEquipos vers\u00e1tiles para el traslado seguro y fluido de grandes flujos de personas, con opciones para trabajos en altura, al aire libre y para uso intensivo.\t\t\t\t\t<\/p>\n\t\t\t\t\n\t\t\t<\/div>\n\t\t\t\n\t\t<\/div>\n\t\t\t\t\t\t<\/div>\n\t\t\t\t<\/div>\n\t\t\t\t\t<\/div>\n\t\t\t\t<\/div>\n\t\t<div class=\"elementor-element elementor-element-9a54875 e-flex e-con-boxed e-con e-parent\" data-id=\"9a54875\" data-element_type=\"container\" data-e-type=\"container\" data-settings=\"{&quot;background_background&quot;:&quot;classic&quot;}\">\n\t\t\t\t\t<div class=\"e-con-inner\">\n\t\t\t\t<div class=\"elementor-element elementor-element-6c08683 elementor-widget elementor-widget-image\" data-id=\"6c08683\" data-element_type=\"widget\" data-e-type=\"widget\" data-widget_type=\"image.default\">\n\t\t\t\t\t\t\t\t\t\t\t\t\t\t\t<img fetchpriority=\"high\" decoding=\"async\" width=\"598\" height=\"120\" src=\"https:\/\/ekspresa.com\/wp-content\/uploads\/2025\/11\/Mesa-de-trabajo-1.png\" class=\"attachment-large size-large wp-image-12014\" alt=\"\" srcset=\"https:\/\/ekspresa.com\/wp-content\/uploads\/2025\/11\/Mesa-de-trabajo-1.png 598w, https:\/\/ekspresa.com\/wp-content\/uploads\/2025\/11\/Mesa-de-trabajo-1-300x60.png 300w\" sizes=\"(max-width: 598px) 100vw, 598px\" \/>\t\t\t\t\t\t\t\t\t\t\t\t\t\t\t<\/div>\n\t\t\t\t<div class=\"elementor-element elementor-element-1afd85d elementor-widget elementor-widget-heading\" data-id=\"1afd85d\" data-element_type=\"widget\" data-e-type=\"widget\" data-widget_type=\"heading.default\">\n\t\t\t\t\t<h2 class=\"elementor-heading-title elementor-size-default\">Conozce a KLEEMANN<\/h2>\t\t\t\t<\/div>\n\t\t\t\t<div class=\"elementor-element elementor-element-b0e1338 elementor-widget elementor-widget-heading\" data-id=\"b0e1338\" data-element_type=\"widget\" data-e-type=\"widget\" data-widget_type=\"heading.default\">\n\t\t\t\t\t<h2 class=\"elementor-heading-title elementor-size-default\">Alrededor del mundo<\/h2>\t\t\t\t<\/div>\n\t\t\t\t<div class=\"elementor-element elementor-element-71de2a8 elementor-align-center elementor-widget elementor-widget-button\" data-id=\"71de2a8\" data-element_type=\"widget\" data-e-type=\"widget\" data-widget_type=\"button.default\">\n\t\t\t\t\t\t\t\t\t\t<a class=\"elementor-button elementor-button-link elementor-size-xl\" href=\"https:\/\/kleemannlifts.com\/sites\/default\/files\/basicpage\/files\/kleemann-around_the_world-en-20180324.pdf\">\n\t\t\t\t\t\t<span class=\"elementor-button-content-wrapper\">\n\t\t\t\t\t\t\t\t\t<span class=\"elementor-button-text\">Descargar<\/span>\n\t\t\t\t\t<\/span>\n\t\t\t\t\t<\/a>\n\t\t\t\t\t\t\t\t<\/div>\n\t\t\t\t\t<\/div>\n\t\t\t\t<\/div>\n\t\t\t\t<\/div>\n\t\t","protected":false},"excerpt":{"rendered":"<p>Ascensores a medida para edificios residenciales, oficinas y centros comerciales. Soluciones Kleemann En Ekspresa, ofrecemos soluciones de acceso vertical de Kleemann, proporcionando tecnolog\u00edas de ascensores avanzadas que mejoran tanto la eficiencia como la seguridad. Kleemann Soluciones En Ekspresa, ofrecemos soluciones de acceso vertical de Kleemann, proporcionando tecnolog\u00edas de ascensores avanzadas que mejoran tanto la eficiencia [&hellip;]<\/p>\n","protected":false},"author":2,"featured_media":0,"parent":0,"menu_order":0,"comment_status":"closed","ping_status":"closed","template":"elementor_header_footer","meta":{"footnotes":""},"class_list":["post-12016","page","type-page","status-publish","hentry"],"yoast_head":"<!-- This site is optimized with the Yoast SEO plugin v27.5 - https:\/\/yoast.com\/product\/yoast-seo-wordpress\/ -->\n<title>Kleemann en Ekspresa - Ekspresa<\/title>\n<meta name=\"description\" content=\"Icono de web globalekspresa.comhttps:\/\/elevadores.ekspresa.comElevadores Ekspresa \u2013 Elevadores industriales en Centroam\u00e9ricaEn Ekspresa, somos distribuidores oficiales de Alimak, el l\u00edder mundial en soluciones de acceso vertical. Hemos proporcionado tecnolog\u00edas avanzadas en elevadores industriales que mejoran la eficiencia y \u2026\" \/>\n<meta name=\"robots\" content=\"index, follow, max-snippet:-1, max-image-preview:large, max-video-preview:-1\" \/>\n<link rel=\"canonical\" href=\"https:\/\/ekspresa.com\/es\/kleemann-en-ekspresa\/\" \/>\n<meta property=\"og:locale\" content=\"es_ES\" \/>\n<meta property=\"og:type\" content=\"article\" \/>\n<meta property=\"og:title\" content=\"Kleemann en Ekspresa - Ekspresa\" \/>\n<meta property=\"og:description\" content=\"Icono de web globalekspresa.comhttps:\/\/elevadores.ekspresa.comElevadores Ekspresa \u2013 Elevadores industriales en Centroam\u00e9ricaEn Ekspresa, somos distribuidores oficiales de Alimak, el l\u00edder mundial en soluciones de acceso vertical. Hemos proporcionado tecnolog\u00edas avanzadas en elevadores industriales que mejoran la eficiencia y \u2026\" \/>\n<meta property=\"og:url\" content=\"https:\/\/ekspresa.com\/es\/kleemann-en-ekspresa\/\" \/>\n<meta property=\"og:site_name\" content=\"Ekspresa\" \/>\n<meta property=\"article:modified_time\" content=\"2026-04-23T14:58:48+00:00\" \/>\n<meta property=\"og:image\" content=\"https:\/\/ekspresa.com\/wp-content\/uploads\/2025\/11\/Mesa-de-trabajo-1.png\" \/>\n\t<meta property=\"og:image:width\" content=\"598\" \/>\n\t<meta property=\"og:image:height\" content=\"120\" \/>\n\t<meta property=\"og:image:type\" content=\"image\/png\" \/>\n<meta name=\"twitter:card\" content=\"summary_large_image\" \/>\n<meta name=\"twitter:label1\" content=\"Tiempo de lectura\" \/>\n\t<meta name=\"twitter:data1\" content=\"2 minutos\" \/>\n<!-- \/ Yoast SEO plugin. -->","yoast_head_json":{"title":"Kleemann en Ekspresa - Ekspresa","description":"Icono de web globalekspresa.comhttps:\/\/elevadores.ekspresa.comElevadores Ekspresa \u2013 Elevadores industriales en Centroam\u00e9ricaEn Ekspresa, somos distribuidores oficiales de Alimak, el l\u00edder mundial en soluciones de acceso vertical. Hemos proporcionado tecnolog\u00edas avanzadas en elevadores industriales que mejoran la eficiencia y \u2026","robots":{"index":"index","follow":"follow","max-snippet":"max-snippet:-1","max-image-preview":"max-image-preview:large","max-video-preview":"max-video-preview:-1"},"canonical":"https:\/\/ekspresa.com\/es\/kleemann-en-ekspresa\/","og_locale":"es_ES","og_type":"article","og_title":"Kleemann en Ekspresa - Ekspresa","og_description":"Icono de web globalekspresa.comhttps:\/\/elevadores.ekspresa.comElevadores Ekspresa \u2013 Elevadores industriales en Centroam\u00e9ricaEn Ekspresa, somos distribuidores oficiales de Alimak, el l\u00edder mundial en soluciones de acceso vertical. Hemos proporcionado tecnolog\u00edas avanzadas en elevadores industriales que mejoran la eficiencia y \u2026","og_url":"https:\/\/ekspresa.com\/es\/kleemann-en-ekspresa\/","og_site_name":"Ekspresa","article_modified_time":"2026-04-23T14:58:48+00:00","og_image":[{"width":598,"height":120,"url":"https:\/\/ekspresa.com\/wp-content\/uploads\/2025\/11\/Mesa-de-trabajo-1.png","type":"image\/png"}],"twitter_card":"summary_large_image","twitter_misc":{"Tiempo de lectura":"2 minutos"},"schema":{"@context":"https:\/\/schema.org","@graph":[{"@type":"WebPage","@id":"https:\/\/ekspresa.com\/es\/kleemann-en-ekspresa\/","url":"https:\/\/ekspresa.com\/es\/kleemann-en-ekspresa\/","name":"Kleemann en Ekspresa - Ekspresa","isPartOf":{"@id":"https:\/\/ekspresa.com\/es\/#website"},"primaryImageOfPage":{"@id":"https:\/\/ekspresa.com\/es\/kleemann-en-ekspresa\/#primaryimage"},"image":{"@id":"https:\/\/ekspresa.com\/es\/kleemann-en-ekspresa\/#primaryimage"},"thumbnailUrl":"https:\/\/ekspresa.com\/wp-content\/uploads\/2025\/11\/Mesa-de-trabajo-1.png","datePublished":"2025-10-29T15:47:43+00:00","dateModified":"2026-04-23T14:58:48+00:00","description":"Icono de web globalekspresa.comhttps:\/\/elevadores.ekspresa.comElevadores Ekspresa \u2013 Elevadores industriales en Centroam\u00e9ricaEn Ekspresa, somos distribuidores oficiales de Alimak, el l\u00edder mundial en soluciones de acceso vertical. Hemos proporcionado tecnolog\u00edas avanzadas en elevadores industriales que mejoran la eficiencia y \u2026","breadcrumb":{"@id":"https:\/\/ekspresa.com\/es\/kleemann-en-ekspresa\/#breadcrumb"},"inLanguage":"es","potentialAction":[{"@type":"ReadAction","target":["https:\/\/ekspresa.com\/es\/kleemann-en-ekspresa\/"]}]},{"@type":"ImageObject","inLanguage":"es","@id":"https:\/\/ekspresa.com\/es\/kleemann-en-ekspresa\/#primaryimage","url":"https:\/\/ekspresa.com\/wp-content\/uploads\/2025\/11\/Mesa-de-trabajo-1.png","contentUrl":"https:\/\/ekspresa.com\/wp-content\/uploads\/2025\/11\/Mesa-de-trabajo-1.png"},{"@type":"BreadcrumbList","@id":"https:\/\/ekspresa.com\/es\/kleemann-en-ekspresa\/#breadcrumb","itemListElement":[{"@type":"ListItem","position":1,"name":"Home","item":"https:\/\/ekspresa.com\/es\/"},{"@type":"ListItem","position":2,"name":"Kleemann en Ekspresa"}]},{"@type":"WebSite","@id":"https:\/\/ekspresa.com\/es\/#website","url":"https:\/\/ekspresa.com\/es\/","name":"Ekspresa","description":"Engineering services","publisher":{"@id":"https:\/\/ekspresa.com\/es\/#organization"},"potentialAction":[{"@type":"SearchAction","target":{"@type":"EntryPoint","urlTemplate":"https:\/\/ekspresa.com\/es\/?s={search_term_string}"},"query-input":{"@type":"PropertyValueSpecification","valueRequired":true,"valueName":"search_term_string"}}],"inLanguage":"es"},{"@type":"Organization","@id":"https:\/\/ekspresa.com\/es\/#organization","name":"Ekspresa","url":"https:\/\/ekspresa.com\/es\/","logo":{"@type":"ImageObject","inLanguage":"es","@id":"https:\/\/ekspresa.com\/es\/#\/schema\/logo\/image\/","url":"https:\/\/ekspresa.com\/wp-content\/uploads\/2026\/03\/cropped-ICO.png","contentUrl":"https:\/\/ekspresa.com\/wp-content\/uploads\/2026\/03\/cropped-ICO.png","width":1007,"height":998,"caption":"Ekspresa"},"image":{"@id":"https:\/\/ekspresa.com\/es\/#\/schema\/logo\/image\/"}}]}},"_links":{"self":[{"href":"https:\/\/ekspresa.com\/es\/wp-json\/wp\/v2\/pages\/12016","targetHints":{"allow":["GET"]}}],"collection":[{"href":"https:\/\/ekspresa.com\/es\/wp-json\/wp\/v2\/pages"}],"about":[{"href":"https:\/\/ekspresa.com\/es\/wp-json\/wp\/v2\/types\/page"}],"author":[{"embeddable":true,"href":"https:\/\/ekspresa.com\/es\/wp-json\/wp\/v2\/users\/2"}],"replies":[{"embeddable":true,"href":"https:\/\/ekspresa.com\/es\/wp-json\/wp\/v2\/comments?post=12016"}],"version-history":[{"count":3,"href":"https:\/\/ekspresa.com\/es\/wp-json\/wp\/v2\/pages\/12016\/revisions"}],"predecessor-version":[{"id":13275,"href":"https:\/\/ekspresa.com\/es\/wp-json\/wp\/v2\/pages\/12016\/revisions\/13275"}],"wp:attachment":[{"href":"https:\/\/ekspresa.com\/es\/wp-json\/wp\/v2\/media?parent=12016"}],"curies":[{"name":"wp","href":"https:\/\/api.w.org\/{rel}","templated":true}]}}