{"id":12118,"date":"2026-03-13T00:40:11","date_gmt":"2026-03-13T00:40:11","guid":{"rendered":"https:\/\/ekspresa.com\/politicas-de-ekspresa\/"},"modified":"2026-03-27T00:57:10","modified_gmt":"2026-03-27T00:57:10","slug":"politicas-de-ekspresa","status":"publish","type":"page","link":"https:\/\/ekspresa.com\/es\/politicas-de-ekspresa\/","title":{"rendered":"Pol\u00edticas de Ekspresa"},"content":{"rendered":"\t\t<div data-elementor-type=\"wp-page\" data-elementor-id=\"12118\" class=\"elementor elementor-12118 elementor-11246\" data-elementor-post-type=\"page\">\n\t\t\t\t<div class=\"elementor-element elementor-element-7dbcfc5 background-container e-flex e-con-boxed e-con e-parent\" data-id=\"7dbcfc5\" data-element_type=\"container\" data-e-type=\"container\" data-settings=\"{&quot;background_background&quot;:&quot;slideshow&quot;,&quot;background_slideshow_gallery&quot;:[{&quot;id&quot;:11818,&quot;url&quot;:&quot;https:\\\/\\\/ekspresa.com\\\/wp-content\\\/uploads\\\/2025\\\/12\\\/Telecom_BK_2.jpg&quot;},{&quot;id&quot;:11980,&quot;url&quot;:&quot;https:\\\/\\\/ekspresa.com\\\/wp-content\\\/uploads\\\/2025\\\/12\\\/telecommunications-towers-with-jabre-peak-matureia-paraiba-brazil-scaled.jpg&quot;},{&quot;id&quot;:11946,&quot;url&quot;:&quot;https:\\\/\\\/ekspresa.com\\\/wp-content\\\/uploads\\\/2025\\\/12\\\/telecommunication-mast-tv-antennas-wireless-technology-with-blue-sky-scaled.jpg&quot;}],&quot;background_slideshow_slide_duration&quot;:9900,&quot;background_slideshow_ken_burns&quot;:&quot;yes&quot;,&quot;background_slideshow_loop&quot;:&quot;yes&quot;,&quot;background_slideshow_slide_transition&quot;:&quot;fade&quot;,&quot;background_slideshow_transition_duration&quot;:500,&quot;background_slideshow_ken_burns_zoom_direction&quot;:&quot;in&quot;}\">\n\t\t\t\t\t<div class=\"e-con-inner\">\n\t\t<div class=\"elementor-element elementor-element-f4d4999 e-con-full e-flex e-con e-child\" data-id=\"f4d4999\" data-element_type=\"container\" data-e-type=\"container\">\n\t\t\t\t<div class=\"elementor-element elementor-element-5957da4 elementor-widget elementor-widget-heading\" data-id=\"5957da4\" data-element_type=\"widget\" data-e-type=\"widget\" data-widget_type=\"heading.default\">\n\t\t\t\t\t<h1 class=\"elementor-heading-title elementor-size-default\">Pol\u00edticas de Ekspresa<\/h1>\t\t\t\t<\/div>\n\t\t\t\t<\/div>\n\t\t\t\t\t<\/div>\n\t\t\t\t<\/div>\n\t\t<div class=\"elementor-element elementor-element-08380ee e-flex e-con-boxed e-con e-parent\" data-id=\"08380ee\" data-element_type=\"container\" data-e-type=\"container\" data-settings=\"{&quot;background_background&quot;:&quot;classic&quot;}\">\n\t\t\t\t\t<div class=\"e-con-inner\">\n\t\t\t\t<div class=\"elementor-element elementor-element-92445f0 elementor-widget-divider--view-line elementor-widget elementor-widget-divider\" data-id=\"92445f0\" data-element_type=\"widget\" data-e-type=\"widget\" data-widget_type=\"divider.default\">\n\t\t\t\t\t\t\t<div class=\"elementor-divider\">\n\t\t\t<span class=\"elementor-divider-separator\">\n\t\t\t\t\t\t<\/span>\n\t\t<\/div>\n\t\t\t\t\t\t<\/div>\n\t\t\t\t\t<\/div>\n\t\t\t\t<\/div>\n\t\t<div class=\"elementor-element elementor-element-394223f e-flex e-con-boxed e-con e-parent\" data-id=\"394223f\" data-element_type=\"container\" data-e-type=\"container\">\n\t\t\t\t\t<div class=\"e-con-inner\">\n\t\t<div class=\"elementor-element elementor-element-6134536 e-con-full e-flex e-con e-child\" data-id=\"6134536\" data-element_type=\"container\" data-e-type=\"container\">\n\t\t<div class=\"elementor-element elementor-element-369f0e1 e-con-full e-flex e-con e-child\" data-id=\"369f0e1\" data-element_type=\"container\" data-e-type=\"container\" data-settings=\"{&quot;background_background&quot;:&quot;classic&quot;}\">\n\t\t\t\t<div class=\"elementor-element elementor-element-6c6b42a elementor-widget elementor-widget-heading\" data-id=\"6c6b42a\" data-element_type=\"widget\" data-e-type=\"widget\" data-widget_type=\"heading.default\">\n\t\t\t\t\t<h3 class=\"elementor-heading-title elementor-size-default\">Las siguientes pol\u00edticas de Ekspresa est\u00e1n disponibles en nuestro sitio web. Siga cada enlace para acceder a la pol\u00edtica correspondiente.<\/h3>\t\t\t\t<\/div>\n\t\t\t\t<div class=\"elementor-element elementor-element-86c1d6a elementor-widget-divider--view-line elementor-widget elementor-widget-divider\" data-id=\"86c1d6a\" data-element_type=\"widget\" data-e-type=\"widget\" data-widget_type=\"divider.default\">\n\t\t\t\t\t\t\t<div class=\"elementor-divider\">\n\t\t\t<span class=\"elementor-divider-separator\">\n\t\t\t\t\t\t<\/span>\n\t\t<\/div>\n\t\t\t\t\t\t<\/div>\n\t\t<div class=\"elementor-element elementor-element-0f6bea5 e-con-full e-flex e-con e-child\" data-id=\"0f6bea5\" data-element_type=\"container\" data-e-type=\"container\">\n\t\t\t\t<div class=\"elementor-element elementor-element-150e7f2 elementor-align-justify elementor-widget elementor-widget-button\" data-id=\"150e7f2\" data-element_type=\"widget\" data-e-type=\"widget\" data-widget_type=\"button.default\">\n\t\t\t\t\t\t\t\t\t\t<a class=\"elementor-button elementor-button-link elementor-size-sm\" href=\"https:\/\/ekspresa.com\/privacy-policy\/\">\n\t\t\t\t\t\t<span class=\"elementor-button-content-wrapper\">\n\t\t\t\t\t\t\t\t\t<span class=\"elementor-button-text\"> Pol\u00edtica de privacidad<\/span>\n\t\t\t\t\t<\/span>\n\t\t\t\t\t<\/a>\n\t\t\t\t\t\t\t\t<\/div>\n\t\t\t\t<div class=\"elementor-element elementor-element-26476fe elementor-align-justify elementor-widget elementor-widget-button\" data-id=\"26476fe\" data-element_type=\"widget\" data-e-type=\"widget\" data-widget_type=\"button.default\">\n\t\t\t\t\t\t\t\t\t\t<a class=\"elementor-button elementor-button-link elementor-size-sm\" href=\"https:\/\/ekspresa.com\/ekspresa-website-terms-and-conditions\/\">\n\t\t\t\t\t\t<span class=\"elementor-button-content-wrapper\">\n\t\t\t\t\t\t\t\t\t<span class=\"elementor-button-text\"> T\u00e9rminos y condiciones del sitio web de Ekspresa<\/span>\n\t\t\t\t\t<\/span>\n\t\t\t\t\t<\/a>\n\t\t\t\t\t\t\t\t<\/div>\n\t\t\t\t<div class=\"elementor-element elementor-element-d89e8d8 elementor-align-justify elementor-widget elementor-widget-button\" data-id=\"d89e8d8\" data-element_type=\"widget\" data-e-type=\"widget\" data-widget_type=\"button.default\">\n\t\t\t\t\t\t\t\t\t\t<a class=\"elementor-button elementor-button-link elementor-size-sm\" href=\"https:\/\/ekspresa.com\/wp-content\/uploads\/2026\/03\/Politica-DE-CALIDAD.pdf\">\n\t\t\t\t\t\t<span class=\"elementor-button-content-wrapper\">\n\t\t\t\t\t\t\t\t\t<span class=\"elementor-button-text\"> Pol\u00edtica de calidad (ISO 9001:2015)<\/span>\n\t\t\t\t\t<\/span>\n\t\t\t\t\t<\/a>\n\t\t\t\t\t\t\t\t<\/div>\n\t\t\t\t<div class=\"elementor-element elementor-element-1205cac elementor-align-justify elementor-widget elementor-widget-button\" data-id=\"1205cac\" data-element_type=\"widget\" data-e-type=\"widget\" data-widget_type=\"button.default\">\n\t\t\t\t\t\t\t\t\t\t<a class=\"elementor-button elementor-button-link elementor-size-sm\" href=\"https:\/\/ekspresa.com\/wp-content\/uploads\/2026\/03\/Politica-Anticorrupcion.pdf\">\n\t\t\t\t\t\t<span class=\"elementor-button-content-wrapper\">\n\t\t\t\t\t\t\t\t\t<span class=\"elementor-button-text\"> Pol\u00edtica anticorrupci\u00f3n<\/span>\n\t\t\t\t\t<\/span>\n\t\t\t\t\t<\/a>\n\t\t\t\t\t\t\t\t<\/div>\n\t\t\t\t<div class=\"elementor-element elementor-element-d12d393 elementor-align-justify elementor-widget elementor-widget-button\" data-id=\"d12d393\" data-element_type=\"widget\" data-e-type=\"widget\" data-widget_type=\"button.default\">\n\t\t\t\t\t\t\t\t\t\t<a class=\"elementor-button elementor-button-link elementor-size-sm\" href=\"https:\/\/ekspresa.com\/wp-content\/uploads\/2026\/03\/Politica-AMBIENTAL.pdf\">\n\t\t\t\t\t\t<span class=\"elementor-button-content-wrapper\">\n\t\t\t\t\t\t\t\t\t<span class=\"elementor-button-text\"> Pol\u00edtica ambiental<\/span>\n\t\t\t\t\t<\/span>\n\t\t\t\t\t<\/a>\n\t\t\t\t\t\t\t\t<\/div>\n\t\t\t\t<div class=\"elementor-element elementor-element-6c13ff8 elementor-align-justify elementor-widget elementor-widget-button\" data-id=\"6c13ff8\" data-element_type=\"widget\" data-e-type=\"widget\" data-widget_type=\"button.default\">\n\t\t\t\t\t\t\t\t\t\t<a class=\"elementor-button elementor-button-link elementor-size-sm\" href=\"https:\/\/ekspresa.com\/wp-content\/uploads\/2026\/03\/CODIGO-DE-CONDUCTA-PROVEEDORES.pdf\">\n\t\t\t\t\t\t<span class=\"elementor-button-content-wrapper\">\n\t\t\t\t\t\t\t\t\t<span class=\"elementor-button-text\"> C\u00f3digo de conducta de los proveedores<\/span>\n\t\t\t\t\t<\/span>\n\t\t\t\t\t<\/a>\n\t\t\t\t\t\t\t\t<\/div>\n\t\t\t\t<div class=\"elementor-element elementor-element-3da09ca elementor-align-justify elementor-widget elementor-widget-button\" data-id=\"3da09ca\" data-element_type=\"widget\" data-e-type=\"widget\" data-widget_type=\"button.default\">\n\t\t\t\t\t\t\t\t\t\t<a class=\"elementor-button elementor-button-link elementor-size-sm\" href=\"https:\/\/ekspresa.com\/wp-content\/uploads\/2026\/03\/Politica-de-Seguridad-y-Salud-en-el-Trabajo-SST.pdf\">\n\t\t\t\t\t\t<span class=\"elementor-button-content-wrapper\">\n\t\t\t\t\t\t\t\t\t<span class=\"elementor-button-text\"> Pol\u00edtica de seguridad y salud en el trabajo<\/span>\n\t\t\t\t\t<\/span>\n\t\t\t\t\t<\/a>\n\t\t\t\t\t\t\t\t<\/div>\n\t\t\t\t<div class=\"elementor-element elementor-element-89fd408 elementor-align-justify elementor-widget elementor-widget-button\" data-id=\"89fd408\" data-element_type=\"widget\" data-e-type=\"widget\" data-widget_type=\"button.default\">\n\t\t\t\t\t\t\t\t\t\t<a class=\"elementor-button elementor-button-link elementor-size-sm\" href=\"https:\/\/ekspresa.com\/wp-content\/uploads\/2026\/03\/Codigo-de-Conducta-y-Etica-Empresarial.pdf\">\n\t\t\t\t\t\t<span class=\"elementor-button-content-wrapper\">\n\t\t\t\t\t\t\t\t\t<span class=\"elementor-button-text\"> C\u00f3digo de conducta y \u00e9tica<\/span>\n\t\t\t\t\t<\/span>\n\t\t\t\t\t<\/a>\n\t\t\t\t\t\t\t\t<\/div>\n\t\t\t\t<\/div>\n\t\t\t\t<\/div>\n\t\t<div class=\"elementor-element elementor-element-b71a7fd e-con-full e-flex e-con e-child\" data-id=\"b71a7fd\" data-element_type=\"container\" data-e-type=\"container\" data-settings=\"{&quot;background_background&quot;:&quot;classic&quot;}\">\n\t\t<div class=\"elementor-element elementor-element-4db3472 e-con-full e-flex e-con e-child\" data-id=\"4db3472\" data-element_type=\"container\" data-e-type=\"container\">\n\t\t\t\t<div class=\"elementor-element elementor-element-985c240 elementor-widget elementor-widget-heading\" data-id=\"985c240\" data-element_type=\"widget\" data-e-type=\"widget\" data-widget_type=\"heading.default\">\n\t\t\t\t\t<h2 class=\"elementor-heading-title elementor-size-default\">Contacta con nuestro equipo<\/h2>\t\t\t\t<\/div>\n\t\t\t\t<div class=\"elementor-element elementor-element-5968ce0 elementor-widget elementor-widget-text-editor\" data-id=\"5968ce0\" data-element_type=\"widget\" data-e-type=\"widget\" data-widget_type=\"text-editor.default\">\n\t\t\t\t\t\t\t\t\t<p>Maximizamos la inversi\u00f3n de nuestros clientes con un servicio de calidad y equipos reconocidos internacionalmente.<\/p>\t\t\t\t\t\t\t\t<\/div>\n\t\t\t\t<div class=\"elementor-element elementor-element-bea5986 elementor-widget elementor-widget-jkit_button\" data-id=\"bea5986\" data-element_type=\"widget\" data-e-type=\"widget\" data-widget_type=\"jkit_button.default\">\n\t\t\t\t\t<div  class=\"jeg-elementor-kit jkit-button  icon-position-after jeg_module___6a03cd34798fb\" ><a href=\"https:\/\/ekspresa.com\/contacts\/\" class=\"jkit-button-wrapper\">Contactanos <i aria-hidden=\"true\" class=\"jki jki-arrow-up-right-line\"><\/i><\/a><\/div>\t\t\t\t<\/div>\n\t\t\t\t<\/div>\n\t\t\t\t<\/div>\n\t\t\t\t<\/div>\n\t\t\t\t\t<\/div>\n\t\t\t\t<\/div>\n\t\t\t\t<\/div>\n\t\t","protected":false},"excerpt":{"rendered":"<p>Pol\u00edticas de Ekspresa Las siguientes pol\u00edticas de Ekspresa est\u00e1n disponibles en nuestro sitio web. Siga cada enlace para acceder a la pol\u00edtica correspondiente. Pol\u00edtica de privacidad T\u00e9rminos y condiciones del sitio web de Ekspresa Pol\u00edtica de calidad (ISO 9001:2015) Pol\u00edtica anticorrupci\u00f3n Pol\u00edtica ambiental C\u00f3digo de conducta de los proveedores Pol\u00edtica de seguridad y salud en [&hellip;]<\/p>\n","protected":false},"author":2,"featured_media":0,"parent":0,"menu_order":0,"comment_status":"closed","ping_status":"closed","template":"","meta":{"footnotes":""},"class_list":["post-12118","page","type-page","status-publish","hentry"],"yoast_head":"<!-- This site is optimized with the Yoast SEO plugin v27.5 - https:\/\/yoast.com\/product\/yoast-seo-wordpress\/ -->\n<title>Pol\u00edticas de Ekspresa - Ekspresa<\/title>\n<meta name=\"robots\" content=\"index, follow, max-snippet:-1, max-image-preview:large, max-video-preview:-1\" \/>\n<link rel=\"canonical\" href=\"https:\/\/ekspresa.com\/es\/politicas-de-ekspresa\/\" \/>\n<meta property=\"og:locale\" content=\"es_ES\" \/>\n<meta property=\"og:type\" content=\"article\" \/>\n<meta property=\"og:title\" content=\"Pol\u00edticas de Ekspresa - Ekspresa\" \/>\n<meta property=\"og:description\" content=\"Pol\u00edticas de Ekspresa Las siguientes pol\u00edticas de Ekspresa est\u00e1n disponibles en nuestro sitio web. Siga cada enlace para acceder a la pol\u00edtica correspondiente. Pol\u00edtica de privacidad T\u00e9rminos y condiciones del sitio web de Ekspresa Pol\u00edtica de calidad (ISO 9001:2015) Pol\u00edtica anticorrupci\u00f3n Pol\u00edtica ambiental C\u00f3digo de conducta de los proveedores Pol\u00edtica de seguridad y salud en [&hellip;]\" \/>\n<meta property=\"og:url\" content=\"https:\/\/ekspresa.com\/es\/politicas-de-ekspresa\/\" \/>\n<meta property=\"og:site_name\" content=\"Ekspresa\" \/>\n<meta property=\"article:modified_time\" content=\"2026-03-27T00:57:10+00:00\" \/>\n<meta name=\"twitter:card\" content=\"summary_large_image\" \/>\n<!-- \/ Yoast SEO plugin. -->","yoast_head_json":{"title":"Pol\u00edticas de Ekspresa - Ekspresa","robots":{"index":"index","follow":"follow","max-snippet":"max-snippet:-1","max-image-preview":"max-image-preview:large","max-video-preview":"max-video-preview:-1"},"canonical":"https:\/\/ekspresa.com\/es\/politicas-de-ekspresa\/","og_locale":"es_ES","og_type":"article","og_title":"Pol\u00edticas de Ekspresa - Ekspresa","og_description":"Pol\u00edticas de Ekspresa Las siguientes pol\u00edticas de Ekspresa est\u00e1n disponibles en nuestro sitio web. Siga cada enlace para acceder a la pol\u00edtica correspondiente. Pol\u00edtica de privacidad T\u00e9rminos y condiciones del sitio web de Ekspresa Pol\u00edtica de calidad (ISO 9001:2015) Pol\u00edtica anticorrupci\u00f3n Pol\u00edtica ambiental C\u00f3digo de conducta de los proveedores Pol\u00edtica de seguridad y salud en [&hellip;]","og_url":"https:\/\/ekspresa.com\/es\/politicas-de-ekspresa\/","og_site_name":"Ekspresa","article_modified_time":"2026-03-27T00:57:10+00:00","twitter_card":"summary_large_image","schema":{"@context":"https:\/\/schema.org","@graph":[{"@type":"WebPage","@id":"https:\/\/ekspresa.com\/es\/politicas-de-ekspresa\/","url":"https:\/\/ekspresa.com\/es\/politicas-de-ekspresa\/","name":"Pol\u00edticas de Ekspresa - Ekspresa","isPartOf":{"@id":"https:\/\/ekspresa.com\/es\/#website"},"datePublished":"2026-03-13T00:40:11+00:00","dateModified":"2026-03-27T00:57:10+00:00","breadcrumb":{"@id":"https:\/\/ekspresa.com\/es\/politicas-de-ekspresa\/#breadcrumb"},"inLanguage":"es","potentialAction":[{"@type":"ReadAction","target":["https:\/\/ekspresa.com\/es\/politicas-de-ekspresa\/"]}]},{"@type":"BreadcrumbList","@id":"https:\/\/ekspresa.com\/es\/politicas-de-ekspresa\/#breadcrumb","itemListElement":[{"@type":"ListItem","position":1,"name":"Home","item":"https:\/\/ekspresa.com\/es\/"},{"@type":"ListItem","position":2,"name":"Pol\u00edticas de Ekspresa"}]},{"@type":"WebSite","@id":"https:\/\/ekspresa.com\/es\/#website","url":"https:\/\/ekspresa.com\/es\/","name":"Ekspresa","description":"Engineering services","publisher":{"@id":"https:\/\/ekspresa.com\/es\/#organization"},"potentialAction":[{"@type":"SearchAction","target":{"@type":"EntryPoint","urlTemplate":"https:\/\/ekspresa.com\/es\/?s={search_term_string}"},"query-input":{"@type":"PropertyValueSpecification","valueRequired":true,"valueName":"search_term_string"}}],"inLanguage":"es"},{"@type":"Organization","@id":"https:\/\/ekspresa.com\/es\/#organization","name":"Ekspresa","url":"https:\/\/ekspresa.com\/es\/","logo":{"@type":"ImageObject","inLanguage":"es","@id":"https:\/\/ekspresa.com\/es\/#\/schema\/logo\/image\/","url":"https:\/\/ekspresa.com\/wp-content\/uploads\/2026\/03\/cropped-ICO.png","contentUrl":"https:\/\/ekspresa.com\/wp-content\/uploads\/2026\/03\/cropped-ICO.png","width":1007,"height":998,"caption":"Ekspresa"},"image":{"@id":"https:\/\/ekspresa.com\/es\/#\/schema\/logo\/image\/"}}]}},"_links":{"self":[{"href":"https:\/\/ekspresa.com\/es\/wp-json\/wp\/v2\/pages\/12118","targetHints":{"allow":["GET"]}}],"collection":[{"href":"https:\/\/ekspresa.com\/es\/wp-json\/wp\/v2\/pages"}],"about":[{"href":"https:\/\/ekspresa.com\/es\/wp-json\/wp\/v2\/types\/page"}],"author":[{"embeddable":true,"href":"https:\/\/ekspresa.com\/es\/wp-json\/wp\/v2\/users\/2"}],"replies":[{"embeddable":true,"href":"https:\/\/ekspresa.com\/es\/wp-json\/wp\/v2\/comments?post=12118"}],"version-history":[{"count":1,"href":"https:\/\/ekspresa.com\/es\/wp-json\/wp\/v2\/pages\/12118\/revisions"}],"predecessor-version":[{"id":12119,"href":"https:\/\/ekspresa.com\/es\/wp-json\/wp\/v2\/pages\/12118\/revisions\/12119"}],"wp:attachment":[{"href":"https:\/\/ekspresa.com\/es\/wp-json\/wp\/v2\/media?parent=12118"}],"curies":[{"name":"wp","href":"https:\/\/api.w.org\/{rel}","templated":true}]}}