{"id":12903,"date":"2025-09-11T16:23:30","date_gmt":"2025-09-11T16:23:30","guid":{"rendered":"https:\/\/ekspresa.com\/politica-de-privacidad\/"},"modified":"2026-03-31T23:32:40","modified_gmt":"2026-03-31T23:32:40","slug":"politica-de-privacidad","status":"publish","type":"page","link":"https:\/\/ekspresa.com\/es\/politica-de-privacidad\/","title":{"rendered":"Pol\u00edtica de privacidad"},"content":{"rendered":"<style>.elementor-12903 .elementor-element.elementor-element-974fa4a{--display:flex;--min-height:50vh;--flex-direction:row;--container-widget-width:calc( ( 1 - var( --container-widget-flex-grow ) ) * 100% );--container-widget-height:100%;--container-widget-flex-grow:1;--container-widget-align-self:stretch;--flex-wrap-mobile:wrap;--align-items:center;--overflow:hidden;--overlay-opacity:0.7;--padding-top:140px;--padding-bottom:60px;--padding-left:20px;--padding-right:20px;}.elementor-12903 .elementor-element.elementor-element-974fa4a .elementor-background-slideshow__slide__image{background-size:cover;background-position:center center;}.elementor-12903 .elementor-element.elementor-element-974fa4a::before, .elementor-12903 .elementor-element.elementor-element-974fa4a > .elementor-background-video-container::before, .elementor-12903 .elementor-element.elementor-element-974fa4a > .e-con-inner > .elementor-background-video-container::before, .elementor-12903 .elementor-element.elementor-element-974fa4a > .elementor-background-slideshow::before, .elementor-12903 .elementor-element.elementor-element-974fa4a > .e-con-inner > .elementor-background-slideshow::before, .elementor-12903 .elementor-element.elementor-element-974fa4a > .elementor-motion-effects-container > .elementor-motion-effects-layer::before{--background-overlay:'';background-color:var( --e-global-color-68d7229 );}.elementor-12903 .elementor-element.elementor-element-878af3e{--display:flex;--gap:15px 15px;--row-gap:15px;--column-gap:15px;--padding-top:0px;--padding-bottom:0px;--padding-left:0px;--padding-right:0px;}.elementor-12903 .elementor-element.elementor-element-e5ab123{text-align:center;}.elementor-12903 .elementor-element.elementor-element-e5ab123 .elementor-heading-title{font-family:var( --e-global-typography-b7691d6-font-family ), Sans-serif;font-size:var( --e-global-typography-b7691d6-font-size );font-weight:var( --e-global-typography-b7691d6-font-weight );line-height:var( --e-global-typography-b7691d6-line-height );letter-spacing:var( --e-global-typography-b7691d6-letter-spacing );word-spacing:var( --e-global-typography-b7691d6-word-spacing );color:var( --e-global-color-1ac3e7b );}.elementor-12903 .elementor-element.elementor-element-241d4b26{--display:flex;--padding-top:50px;--padding-bottom:50px;--padding-left:0px;--padding-right:0px;}@media(max-width:1024px){.elementor-12903 .elementor-element.elementor-element-974fa4a{--min-height:380px;}.elementor-12903 .elementor-element.elementor-element-e5ab123 .elementor-heading-title{font-size:var( --e-global-typography-b7691d6-font-size );line-height:var( --e-global-typography-b7691d6-line-height );letter-spacing:var( --e-global-typography-b7691d6-letter-spacing );word-spacing:var( --e-global-typography-b7691d6-word-spacing );}}@media(max-width:767px){.elementor-12903 .elementor-element.elementor-element-974fa4a{--min-height:360px;--padding-top:120px;--padding-bottom:60px;--padding-left:20px;--padding-right:20px;}.elementor-12903 .elementor-element.elementor-element-e5ab123 .elementor-heading-title{font-size:var( --e-global-typography-b7691d6-font-size );line-height:var( --e-global-typography-b7691d6-line-height );letter-spacing:var( --e-global-typography-b7691d6-letter-spacing );word-spacing:var( --e-global-typography-b7691d6-word-spacing );}}\/* Start custom CSS for container, class: .elementor-element-974fa4a *\/.background-container {\n  width: 100vw; \/* Full viewport width *\/\n\n\/\n\n  background-position: center center; \/* Centers the background image *\/\n\n  \/* Apply the animation *\/\n  animation: slowZoom 15s infinite alternate ease-in-out; \n}\n\n@keyframes slowZoom {\n  0% {\n    background-size: 100% 100%; \/* Starting zoom level *\/\n  }\n  100% {\n    background-size: 120% 120%; \/* Ending zoom level (adjust as needed)\u00a0*\/\n\u00a0\u00a0}\n}\/* End custom CSS *\/<\/style>\t\t<div data-elementor-type=\"wp-page\" data-elementor-id=\"12903\" class=\"elementor elementor-12903 elementor-3\" data-elementor-post-type=\"page\">\n\t\t\t\t<div class=\"elementor-element elementor-element-974fa4a background-container e-flex e-con-boxed e-con e-parent\" data-id=\"974fa4a\" data-element_type=\"container\" data-e-type=\"container\" data-settings=\"{&quot;background_background&quot;:&quot;slideshow&quot;,&quot;background_slideshow_gallery&quot;:[{&quot;id&quot;:11854,&quot;url&quot;:&quot;https:\\\/\\\/ekspresa.com\\\/wp-content\\\/uploads\\\/2025\\\/10\\\/bk-IOT.jpg&quot;},{&quot;id&quot;:11973,&quot;url&quot;:&quot;https:\\\/\\\/ekspresa.com\\\/wp-content\\\/uploads\\\/2025\\\/10\\\/714-1.jpg&quot;}],&quot;background_slideshow_slide_duration&quot;:9900,&quot;background_slideshow_ken_burns&quot;:&quot;yes&quot;,&quot;background_slideshow_loop&quot;:&quot;yes&quot;,&quot;background_slideshow_slide_transition&quot;:&quot;fade&quot;,&quot;background_slideshow_transition_duration&quot;:500,&quot;background_slideshow_ken_burns_zoom_direction&quot;:&quot;in&quot;}\">\n\t\t\t\t\t<div class=\"e-con-inner\">\n\t\t<div class=\"elementor-element elementor-element-878af3e e-con-full e-flex e-con e-child\" data-id=\"878af3e\" data-element_type=\"container\" data-e-type=\"container\">\n\t\t\t\t<div class=\"elementor-element elementor-element-e5ab123 elementor-widget elementor-widget-heading\" data-id=\"e5ab123\" data-element_type=\"widget\" data-e-type=\"widget\" data-widget_type=\"heading.default\">\n\t\t\t\t\t<h1 class=\"elementor-heading-title elementor-size-default\">Pol\u00edtica de privacidad y protecci\u00f3n de datos personales del sitio web de Ekspresa\n<\/h1>\t\t\t\t<\/div>\n\t\t\t\t<\/div>\n\t\t\t\t\t<\/div>\n\t\t\t\t<\/div>\n\t\t<div class=\"elementor-element elementor-element-241d4b26 e-flex e-con-boxed e-con e-parent\" data-id=\"241d4b26\" data-element_type=\"container\" data-e-type=\"container\">\n\t\t\t\t\t<div class=\"e-con-inner\">\n\t\t\t\t<div class=\"elementor-element elementor-element-70623ba elementor-widget elementor-widget-text-editor\" data-id=\"70623ba\" data-element_type=\"widget\" data-e-type=\"widget\" data-widget_type=\"text-editor.default\">\n\t\t\t\t\t\t\t\t\t\n<p><strong>\u00daltima actualizaci\u00f3n: marzo de 2026<\/strong><\/p>\n<hr>\n<p>Esta Pol\u00edtica de Privacidad explica c\u00f3mo Ekspresa (\u00abnosotros\u00bb, \u00abnuestro\u00bb o \u00abnos\u00bb) recopila y utiliza la informaci\u00f3n cuando usted visita nuestro sitio web https:\/\/ekspresa.com (el \u00abSitio Web\u00bb).<\/p>\n<h1>Alcance<\/h1>\n<p>Esta Pol\u00edtica de Privacidad aplica \u00fanicamente al Sitio Web p\u00fablico.<\/p>\n<p>Cualquier plataforma de cliente o soluci\u00f3n SaaS (incluyendo aquellas accesibles mediante subrutas o subdominios) se rige por acuerdos o t\u00e9rminos independientes con los clientes.<\/p>\n<h1>Informaci\u00f3n que recopilamos<\/h1>\n<p>Recopilamos informaci\u00f3n limitada de las siguientes formas:<\/p>\n<h2>a) Informaci\u00f3n proporcionada voluntariamente<\/h2>\n<p>Si usted nos contacta a trav\u00e9s de nuestro formulario, podemos recibir:<\/p>\n<ul>\n<li>Nombre<\/li>\n<li>Correo electr\u00f3nico<\/li>\n<li>Tel\u00e9fono<\/li>\n<li>Empresa<\/li>\n<\/ul>\n<p>Esta informaci\u00f3n se env\u00eda por correo electr\u00f3nico interno y no se almacena en una base de datos del Sitio Web.<\/p>\n<h2>b) Informaci\u00f3n recopilada autom\u00e1ticamente<\/h2>\n<p>Cuando usted visita el Sitio Web, se recopila cierta informaci\u00f3n t\u00e9cnica autom\u00e1ticamente, incluyendo:<\/p>\n<ul>\n<li>Direcci\u00f3n IP<\/li>\n<li>Tipo y versi\u00f3n del navegador<\/li>\n<li>P\u00e1ginas visitadas<\/li>\n<li>Fecha y hora de acceso<\/li>\n<li>Informaci\u00f3n del dispositivo<\/li>\n<\/ul>\n<h2>c) Cookies y tecnolog\u00edas de seguimiento<\/h2>\n<p>Utilizamos cookies para los siguientes fines:<\/p>\n<ul>\n<li><strong>Cookies esenciales<\/strong>: necesarias para el funcionamiento b\u00e1sico del sitio<\/li>\n<li><strong>Cookies anal\u00edticas<\/strong>: utilizadas para entender c\u00f3mo los usuarios interact\u00faan con el Sitio Web<\/li>\n<\/ul>\n<p>Utilizamos Google Analytics para analizar el tr\u00e1fico y uso del sitio.<\/p>\n<p>Las cookies anal\u00edticas solo se utilizan si usted otorga su consentimiento a trav\u00e9s del banner de cookies.<\/p>\n<h1>Uso de la informaci\u00f3n<\/h1>\n<p>Utilizamos la informaci\u00f3n recopilada para:<\/p>\n<ul>\n<li>Responder a consultas enviadas a trav\u00e9s del formulario de contacto<\/li>\n<li>Operar y mantener el Sitio Web<\/li>\n<li>Analizar el uso del sitio y mejorar su funcionamiento<\/li>\n<\/ul>\n<p>No utilizamos sus datos para comunicaciones de marketing ni para toma de decisiones automatizadas.<\/p>\n<h1>Base legal (para usuarios internacionales)<\/h1>\n<p>Cuando aplica, procesamos los datos en base a:<\/p>\n<ul>\n<li><strong>Inter\u00e9s leg\u00edtimo<\/strong>: para operar y asegurar el Sitio Web<\/li>\n<li><strong>Consentimiento<\/strong>: para el uso de cookies anal\u00edticas<\/li>\n<li> <\/li>\n<\/ul>\n<h1>Compartici\u00f3n de datos<\/h1>\n<p>No vendemos ni compartimos datos personales con fines comerciales.<\/p>\n<p>Podemos compartir informaci\u00f3n limitada con proveedores de servicios estrictamente para fines operativos, como:<\/p>\n<ul>\n<li>Proveedor de hosting<\/li>\n<li>Proveedor de anal\u00edtica (Google Analytics)<\/li>\n<\/ul>\n<h1>Retenci\u00f3n de datos<\/h1>\n<ul>\n<li>Datos del formulario de contacto: se conservan solo el tiempo necesario para responder la consulta<\/li>\n<li>Datos t\u00e9cnicos y anal\u00edticos: se conservan seg\u00fan la configuraci\u00f3n est\u00e1ndar de los proveedores<\/li>\n<\/ul>\n<h1>Transferencias internacionales de datos<\/h1>\n<p>Nuestros proveedores pueden procesar datos en pa\u00edses fuera de su jurisdicci\u00f3n.<\/p>\n<p>Tomamos medidas razonables para garantizar que existan salvaguardas adecuadas.<\/p>\n<h1>Sus derechos<\/h1>\n<p>Dependiendo de su ubicaci\u00f3n, usted puede tener derecho a:<\/p>\n<ul>\n<li>Acceder a sus datos personales<\/li>\n<li>Solicitar correcci\u00f3n o eliminaci\u00f3n<\/li>\n<li>Oponerse o limitar el procesamiento<\/li>\n<li>Retirar su consentimiento (para cookies)<\/li>\n<\/ul>\n<p>Para ejercer estos derechos, puede contactarnos en: <strong>info@ekspresa.com<\/strong><\/p>\n<h1>Seguridad<\/h1>\n<p>Implementamos medidas t\u00e9cnicas y organizativas razonables para proteger su informaci\u00f3n. Sin embargo, ning\u00fan sistema es completamente seguro.<\/p>\n<h1>Privacidad de menores<\/h1>\n<p>Este Sitio Web no est\u00e1 dirigido a menores de 13 a\u00f1os y no recopilamos intencionalmente datos personales de menores.<\/p>\n<h1>Enlaces a terceros<\/h1>\n<p>El Sitio Web puede contener enlaces a sitios de terceros. No somos responsables de sus pr\u00e1cticas de privacidad.<\/p>\n<h1>Cambios a esta pol\u00edtica<\/h1>\n<p>Podemos actualizar esta Pol\u00edtica de Privacidad ocasionalmente. Los cambios se publicar\u00e1n en esta p\u00e1gina con la fecha de actualizaci\u00f3n correspondiente.<\/p>\n<h1>Contactos<\/h1>\n<p>Si tiene preguntas sobre esta Pol\u00edtica de Privacidad, puede contactarnos en:<\/p>\n<p><strong>info@ekspresa.com<\/strong><\/p>\n\t\t\t\t\t\t\t\t<\/div>\n\t\t\t\t\t<\/div>\n\t\t\t\t<\/div>\n\t\t\t\t<\/div>\n\t\t","protected":false},"excerpt":{"rendered":"<p>Pol\u00edtica de privacidad y protecci\u00f3n de datos personales del sitio web de Ekspresa \u00daltima actualizaci\u00f3n: marzo de 2026 Esta Pol\u00edtica de Privacidad explica c\u00f3mo Ekspresa (\u00abnosotros\u00bb, \u00abnuestro\u00bb o \u00abnos\u00bb) recopila y utiliza la informaci\u00f3n cuando usted visita nuestro sitio web https:\/\/ekspresa.com (el \u00abSitio Web\u00bb). Alcance Esta Pol\u00edtica de Privacidad aplica \u00fanicamente al Sitio Web p\u00fablico. [&hellip;]<\/p>\n","protected":false},"author":2,"featured_media":0,"parent":0,"menu_order":0,"comment_status":"closed","ping_status":"closed","template":"elementor_header_footer","meta":{"footnotes":""},"class_list":["post-12903","page","type-page","status-publish","hentry"],"yoast_head":"<!-- This site is optimized with the Yoast SEO plugin v27.4 - https:\/\/yoast.com\/product\/yoast-seo-wordpress\/ -->\n<title>Pol\u00edtica de privacidad - Ekspresa<\/title>\n<meta name=\"robots\" content=\"index, follow, max-snippet:-1, max-image-preview:large, max-video-preview:-1\" \/>\n<link rel=\"canonical\" href=\"https:\/\/ekspresa.com\/es\/politica-de-privacidad\/\" \/>\n<meta property=\"og:locale\" content=\"es_ES\" \/>\n<meta property=\"og:type\" content=\"article\" \/>\n<meta property=\"og:title\" content=\"Pol\u00edtica de privacidad - Ekspresa\" \/>\n<meta property=\"og:description\" content=\"Pol\u00edtica de privacidad y protecci\u00f3n de datos personales del sitio web de Ekspresa \u00daltima actualizaci\u00f3n: marzo de 2026 Esta Pol\u00edtica de Privacidad explica c\u00f3mo Ekspresa (\u00abnosotros\u00bb, \u00abnuestro\u00bb o \u00abnos\u00bb) recopila y utiliza la informaci\u00f3n cuando usted visita nuestro sitio web https:\/\/ekspresa.com (el \u00abSitio Web\u00bb). Alcance Esta Pol\u00edtica de Privacidad aplica \u00fanicamente al Sitio Web p\u00fablico. [&hellip;]\" \/>\n<meta property=\"og:url\" content=\"https:\/\/ekspresa.com\/es\/politica-de-privacidad\/\" \/>\n<meta property=\"og:site_name\" content=\"Ekspresa\" \/>\n<meta property=\"article:modified_time\" content=\"2026-03-31T23:32:40+00:00\" \/>\n<meta name=\"twitter:card\" content=\"summary_large_image\" \/>\n<meta name=\"twitter:label1\" content=\"Tiempo de lectura\" \/>\n\t<meta name=\"twitter:data1\" content=\"3 minutos\" \/>\n<!-- \/ Yoast SEO plugin. -->","yoast_head_json":{"title":"Pol\u00edtica de privacidad - Ekspresa","robots":{"index":"index","follow":"follow","max-snippet":"max-snippet:-1","max-image-preview":"max-image-preview:large","max-video-preview":"max-video-preview:-1"},"canonical":"https:\/\/ekspresa.com\/es\/politica-de-privacidad\/","og_locale":"es_ES","og_type":"article","og_title":"Pol\u00edtica de privacidad - Ekspresa","og_description":"Pol\u00edtica de privacidad y protecci\u00f3n de datos personales del sitio web de Ekspresa \u00daltima actualizaci\u00f3n: marzo de 2026 Esta Pol\u00edtica de Privacidad explica c\u00f3mo Ekspresa (\u00abnosotros\u00bb, \u00abnuestro\u00bb o \u00abnos\u00bb) recopila y utiliza la informaci\u00f3n cuando usted visita nuestro sitio web https:\/\/ekspresa.com (el \u00abSitio Web\u00bb). Alcance Esta Pol\u00edtica de Privacidad aplica \u00fanicamente al Sitio Web p\u00fablico. [&hellip;]","og_url":"https:\/\/ekspresa.com\/es\/politica-de-privacidad\/","og_site_name":"Ekspresa","article_modified_time":"2026-03-31T23:32:40+00:00","twitter_card":"summary_large_image","twitter_misc":{"Tiempo de lectura":"3 minutos"},"schema":{"@context":"https:\/\/schema.org","@graph":[{"@type":"WebPage","@id":"https:\/\/ekspresa.com\/es\/politica-de-privacidad\/","url":"https:\/\/ekspresa.com\/es\/politica-de-privacidad\/","name":"Pol\u00edtica de privacidad - Ekspresa","isPartOf":{"@id":"https:\/\/ekspresa.com\/es\/#website"},"datePublished":"2025-09-11T16:23:30+00:00","dateModified":"2026-03-31T23:32:40+00:00","breadcrumb":{"@id":"https:\/\/ekspresa.com\/es\/politica-de-privacidad\/#breadcrumb"},"inLanguage":"es","potentialAction":[{"@type":"ReadAction","target":["https:\/\/ekspresa.com\/es\/politica-de-privacidad\/"]}]},{"@type":"BreadcrumbList","@id":"https:\/\/ekspresa.com\/es\/politica-de-privacidad\/#breadcrumb","itemListElement":[{"@type":"ListItem","position":1,"name":"Home","item":"https:\/\/ekspresa.com\/es\/"},{"@type":"ListItem","position":2,"name":"Pol\u00edtica de privacidad"}]},{"@type":"WebSite","@id":"https:\/\/ekspresa.com\/es\/#website","url":"https:\/\/ekspresa.com\/es\/","name":"Ekspresa","description":"Engineering services","publisher":{"@id":"https:\/\/ekspresa.com\/es\/#organization"},"potentialAction":[{"@type":"SearchAction","target":{"@type":"EntryPoint","urlTemplate":"https:\/\/ekspresa.com\/es\/?s={search_term_string}"},"query-input":{"@type":"PropertyValueSpecification","valueRequired":true,"valueName":"search_term_string"}}],"inLanguage":"es"},{"@type":"Organization","@id":"https:\/\/ekspresa.com\/es\/#organization","name":"Ekspresa","url":"https:\/\/ekspresa.com\/es\/","logo":{"@type":"ImageObject","inLanguage":"es","@id":"https:\/\/ekspresa.com\/es\/#\/schema\/logo\/image\/","url":"https:\/\/ekspresa.com\/wp-content\/uploads\/2026\/03\/cropped-ICO.png","contentUrl":"https:\/\/ekspresa.com\/wp-content\/uploads\/2026\/03\/cropped-ICO.png","width":1007,"height":998,"caption":"Ekspresa"},"image":{"@id":"https:\/\/ekspresa.com\/es\/#\/schema\/logo\/image\/"}}]}},"_links":{"self":[{"href":"https:\/\/ekspresa.com\/es\/wp-json\/wp\/v2\/pages\/12903","targetHints":{"allow":["GET"]}}],"collection":[{"href":"https:\/\/ekspresa.com\/es\/wp-json\/wp\/v2\/pages"}],"about":[{"href":"https:\/\/ekspresa.com\/es\/wp-json\/wp\/v2\/types\/page"}],"author":[{"embeddable":true,"href":"https:\/\/ekspresa.com\/es\/wp-json\/wp\/v2\/users\/2"}],"replies":[{"embeddable":true,"href":"https:\/\/ekspresa.com\/es\/wp-json\/wp\/v2\/comments?post=12903"}],"version-history":[{"count":1,"href":"https:\/\/ekspresa.com\/es\/wp-json\/wp\/v2\/pages\/12903\/revisions"}],"predecessor-version":[{"id":12904,"href":"https:\/\/ekspresa.com\/es\/wp-json\/wp\/v2\/pages\/12903\/revisions\/12904"}],"wp:attachment":[{"href":"https:\/\/ekspresa.com\/es\/wp-json\/wp\/v2\/media?parent=12903"}],"curies":[{"name":"wp","href":"https:\/\/api.w.org\/{rel}","templated":true}]}}