{"id":12383,"date":"2026-01-12T06:03:59","date_gmt":"2026-01-12T06:03:59","guid":{"rendered":"https:\/\/ekspresa.com\/producto\/s110-8p2st170-v-ac-to-264-v-ac\/"},"modified":"2026-01-12T06:03:59","modified_gmt":"2026-01-12T06:03:59","slug":"s110-8p2st170-v-ac-to-264-v-ac","status":"publish","type":"product","link":"https:\/\/ekspresa.com\/es\/producto\/s110-8p2st170-v-ac-to-264-v-ac\/","title":{"rendered":"S110-8P2ST(170 V AC to 264 V AC)"},"content":{"rendered":"<table>\n<thead>\n<tr>\n<th>Par\u00e1metro<\/th>\n<th>Especificaci\u00f3n<\/th>\n<\/tr>\n<\/thead>\n<tbody>\n<tr>\n<td>Dimensiones sin embalaje (alto x ancho x profundidad) [mm(pulg.)]<\/td>\n<td>Dimensiones b\u00e1sicas (excluyendo las partes que sobresalen del cuerpo): 35 mm x 210,0 mm x 130,0 mm (1,38 pulg. x 8,27 pulg. x 5,12 pulg.) Dimensiones m\u00e1ximas (la profundidad es la distancia desde los puertos del panel frontal hasta las partes que sobresalen del panel posterior): 36,5 mm x 210,0 mm x 131,7 mm (1,44 pulg. x 8,27 pulg. x 5,19 pulg.)<\/td>\n<\/tr>\n<tr>\n<td>Dimensiones con embalaje (alto x ancho x profundidad) [mm(pulg.)]<\/td>\n<td>150.0 mm x 270.0 mm x 200.0 mm (5.91 in. x 10.63 in. x 7.87 in.)<\/td>\n<\/tr>\n<tr>\n<td>Chassis height [U]<\/td>\n<td>0.8<\/td>\n<\/tr>\n<tr>\n<td>Tipo de instalaci\u00f3n<\/td>\n<td>Montaje sobre escritorio, montaje en pared<\/td>\n<\/tr>\n<tr>\n<td>Peso sin embalaje [kg(lb)]<\/td>\n<td>1.11 (2.45)<\/td>\n<\/tr>\n<tr>\n<td>Peso con embalaje [kg(lb)]<\/td>\n<td>1.46 (3.22)<\/td>\n<\/tr>\n<tr>\n<td>Consumo de energ\u00eda t\u00edpico [W]<\/td>\n<td>11<\/td>\n<\/tr>\n<tr>\n<td>Consumo m\u00e1ximo de energ\u00eda [W]<\/td>\n<td>Without PoE: 11 WFull PoE load: 155 W (PoE: 124 W)<\/td>\n<\/tr>\n<tr>\n<td>Consumo de energ\u00eda est\u00e1tica [W]<\/td>\n<td>3<\/td>\n<\/tr>\n<tr>\n<td>Consumo de energ\u00eda al 100% [W]<\/td>\n<td>11<\/td>\n<\/tr>\n<tr>\n<td>N\u00famero m\u00e1ximo de puertos f\u00edsicos en todo el dispositivo.<\/td>\n<td>10<\/td>\n<\/tr>\n<tr>\n<td>N\u00famero m\u00e1ximo de puertos GE<\/td>\n<td>10<\/td>\n<\/tr>\n<tr>\n<td>N\u00famero m\u00e1ximo de puertos FE<\/td>\n<td>10<\/td>\n<\/tr>\n<tr>\n<td>Temperatura de funcionamiento a largo plazo [\u00b0C (\u00b0F)]<\/td>\n<td>De 0 \u00b0C a 40 \u00b0C (de 32 \u00b0F a 104 \u00b0F) a una altitud de 0 a 1800 m (de 0 a 5906 pies).<\/td>\n<\/tr>\n<tr>\n<td>Restricci\u00f3n en la tasa de variaci\u00f3n de la temperatura de funcionamiento [\u00b0C(\u00b0F)]<\/td>\n<td>Cuando la altitud es de 1800 a 5000 m (5906 a 16404 pies), la temperatura m\u00e1xima de funcionamiento se reduce en 1 \u00b0C (1,8 \u00b0F) cada vez que la altitud aumenta en 220 m (722 pies).<\/td>\n<\/tr>\n<tr>\n<td>Temperatura de almacenamiento [\u00b0C(\u00b0F)]<\/td>\n<td>\u201340\u00b0C to +70\u00b0C (\u201340\u00b0F to +158\u00b0F)<\/td>\n<\/tr>\n<tr>\n<td>Humedad relativa [HR] de funcionamiento a largo plazo<\/td>\n<td>Humedad relativa del 5% al \u200b\u200b95% (sin condensaci\u00f3n)<\/td>\n<\/tr>\n<tr>\n<td>Altitud operativa a largo plazo [m(pies)]<\/td>\n<td>0\u20135000 m (0\u201316404 ft.)<\/td>\n<\/tr>\n<tr>\n<td>Altitud operativa a largo plazo [m(pies)]<\/td>\n<td>0-5000 m (0-16404 ft.)<\/td>\n<\/tr>\n<tr>\n<td>Modo de alimentaci\u00f3n<\/td>\n<td>Adaptador de corriente<\/td>\n<\/tr>\n<tr>\n<td>Tensi\u00f3n de entrada nominal [V]<\/td>\n<td>Power adapter input: 170\u2013240 V AC; 50\/60 HzPower adapter output: 56 V DC<\/td>\n<\/tr>\n<tr>\n<td>Rango de voltaje de entrada [V]<\/td>\n<td>Entrada del adaptador de corriente: 170\u2013264 V CA; 47\u201363 Hz<\/td>\n<\/tr>\n<tr>\n<td>Corriente de entrada m\u00e1xima [A]<\/td>\n<td>2.68 A<\/td>\n<\/tr>\n<tr>\n<td>Protecci\u00f3n contra sobretensiones en el puerto de servicio [kV]<\/td>\n<td>Modo com\u00fan: \u00b14 kV<\/td>\n<\/tr>\n<tr>\n<td>Protecci\u00f3n contra sobretensiones en la fuente de alimentaci\u00f3n [kV]<\/td>\n<td>Modo diferencial: \u00b16 kV; modo com\u00fan: \u00b16 kV<\/td>\n<\/tr>\n<tr>\n<td>Modo de disipaci\u00f3n de calor<\/td>\n<td>Disipaci\u00f3n natural del calor<\/td>\n<\/tr>\n<tr>\n<td>PoE<\/td>\n<td>Compatible<\/td>\n<\/tr>\n<tr>\n<td>Consumo m\u00e1ximo de energ\u00eda PoE [W]<\/td>\n<td>124<\/td>\n<\/tr>\n<tr>\n<td>Interfaces de alimentaci\u00f3n PoE+<\/td>\n<td>8<\/td>\n<\/tr>\n<tr>\n<td>Consumo de energ\u00eda PoE a plena carga: 15,4 W (802.3af)<\/td>\n<td>8<\/td>\n<\/tr>\n<tr>\n<td>Consumo de energ\u00eda PoE a plena carga: 30 W (802.3at)<\/td>\n<td>4<\/td>\n<\/tr>\n<tr>\n<td>Certification<\/td>\n<td>Certificaci\u00f3n EMC; Certificaci\u00f3n de seguridad; Certificaci\u00f3n de fabricaci\u00f3n<\/td>\n<\/tr>\n<\/tbody>\n<\/table>\n<p>&nbsp;<\/p>\n","protected":false},"excerpt":{"rendered":"<div class=\"product-info-desc\" data-v-66d46184=\"\">\n<p data-v-66d46184=\"\">8 puertos 10\/100\/1000BASE-T, 1 puerto GE SFP, 1 puerto 10\/100\/1000BASE-T | PoE+ | Velocidad de reenv\u00edo de paquetes: 14,88 Mpps | Capacidad de conmutaci\u00f3n: 20 Gbit\/s<\/p>\n<\/div>\n<div data-v-66d46184=\"\"><\/div>\n","protected":false},"featured_media":2657,"comment_status":"open","ping_status":"closed","template":"","meta":[],"product_brand":[],"product_cat":[121],"product_tag":[],"class_list":{"0":"post-12383","1":"product","2":"type-product","3":"status-publish","4":"has-post-thumbnail","6":"product_cat-switch","8":"first","9":"instock","10":"shipping-taxable","11":"purchasable","12":"product-type-simple"},"yoast_head":"<!-- This site is optimized with the Yoast SEO plugin v27.4 - https:\/\/yoast.com\/product\/yoast-seo-wordpress\/ -->\n<title>S110-8P2ST(170 V AC to 264 V AC) - Ekspresa<\/title>\n<meta name=\"robots\" content=\"index, follow, max-snippet:-1, max-image-preview:large, max-video-preview:-1\" \/>\n<link rel=\"canonical\" href=\"https:\/\/ekspresa.com\/es\/producto\/s110-8p2st170-v-ac-to-264-v-ac\/\" \/>\n<meta property=\"og:locale\" content=\"es_ES\" \/>\n<meta property=\"og:type\" content=\"article\" \/>\n<meta property=\"og:title\" content=\"S110-8P2ST(170 V AC to 264 V AC) - Ekspresa\" \/>\n<meta property=\"og:description\" content=\"8 puertos 10\/100\/1000BASE-T, 1 puerto GE SFP, 1 puerto 10\/100\/1000BASE-T | PoE+ | Velocidad de reenv\u00edo de paquetes: 14,88 Mpps | Capacidad de conmutaci\u00f3n: 20 Gbit\/s\" \/>\n<meta property=\"og:url\" content=\"https:\/\/ekspresa.com\/es\/producto\/s110-8p2st170-v-ac-to-264-v-ac\/\" \/>\n<meta property=\"og:site_name\" content=\"Ekspresa\" \/>\n<meta name=\"twitter:card\" content=\"summary_large_image\" \/>\n<meta name=\"twitter:label1\" content=\"Tiempo de lectura\" \/>\n\t<meta name=\"twitter:data1\" content=\"2 minutos\" \/>\n<!-- \/ Yoast SEO plugin. -->","yoast_head_json":{"title":"S110-8P2ST(170 V AC to 264 V AC) - Ekspresa","robots":{"index":"index","follow":"follow","max-snippet":"max-snippet:-1","max-image-preview":"max-image-preview:large","max-video-preview":"max-video-preview:-1"},"canonical":"https:\/\/ekspresa.com\/es\/producto\/s110-8p2st170-v-ac-to-264-v-ac\/","og_locale":"es_ES","og_type":"article","og_title":"S110-8P2ST(170 V AC to 264 V AC) - Ekspresa","og_description":"8 puertos 10\/100\/1000BASE-T, 1 puerto GE SFP, 1 puerto 10\/100\/1000BASE-T | PoE+ | Velocidad de reenv\u00edo de paquetes: 14,88 Mpps | Capacidad de conmutaci\u00f3n: 20 Gbit\/s","og_url":"https:\/\/ekspresa.com\/es\/producto\/s110-8p2st170-v-ac-to-264-v-ac\/","og_site_name":"Ekspresa","twitter_card":"summary_large_image","twitter_misc":{"Tiempo de lectura":"2 minutos"},"schema":{"@context":"https:\/\/schema.org","@graph":[{"@type":"WebPage","@id":"https:\/\/ekspresa.com\/es\/producto\/s110-8p2st170-v-ac-to-264-v-ac\/","url":"https:\/\/ekspresa.com\/es\/producto\/s110-8p2st170-v-ac-to-264-v-ac\/","name":"S110-8P2ST(170 V AC to 264 V AC) - Ekspresa","isPartOf":{"@id":"https:\/\/ekspresa.com\/es\/#website"},"primaryImageOfPage":{"@id":"https:\/\/ekspresa.com\/es\/producto\/s110-8p2st170-v-ac-to-264-v-ac\/#primaryimage"},"image":{"@id":"https:\/\/ekspresa.com\/es\/producto\/s110-8p2st170-v-ac-to-264-v-ac\/#primaryimage"},"thumbnailUrl":"https:\/\/ekspresa.com\/wp-content\/uploads\/2026\/01\/S110-8P2ST.png","datePublished":"2026-01-12T06:03:59+00:00","breadcrumb":{"@id":"https:\/\/ekspresa.com\/es\/producto\/s110-8p2st170-v-ac-to-264-v-ac\/#breadcrumb"},"inLanguage":"es","potentialAction":[{"@type":"ReadAction","target":["https:\/\/ekspresa.com\/es\/producto\/s110-8p2st170-v-ac-to-264-v-ac\/"]}]},{"@type":"ImageObject","inLanguage":"es","@id":"https:\/\/ekspresa.com\/es\/producto\/s110-8p2st170-v-ac-to-264-v-ac\/#primaryimage","url":"https:\/\/ekspresa.com\/wp-content\/uploads\/2026\/01\/S110-8P2ST.png","contentUrl":"https:\/\/ekspresa.com\/wp-content\/uploads\/2026\/01\/S110-8P2ST.png","width":720,"height":719},{"@type":"BreadcrumbList","@id":"https:\/\/ekspresa.com\/es\/producto\/s110-8p2st170-v-ac-to-264-v-ac\/#breadcrumb","itemListElement":[{"@type":"ListItem","position":1,"name":"Home","item":"https:\/\/ekspresa.com\/es\/"},{"@type":"ListItem","position":2,"name":"Tienda","item":"https:\/\/ekspresa.com\/es\/tienda\/"},{"@type":"ListItem","position":3,"name":"S110-8P2ST(170 V AC to 264 V AC)"}]},{"@type":"WebSite","@id":"https:\/\/ekspresa.com\/es\/#website","url":"https:\/\/ekspresa.com\/es\/","name":"Ekspresa","description":"Engineering services","publisher":{"@id":"https:\/\/ekspresa.com\/es\/#organization"},"potentialAction":[{"@type":"SearchAction","target":{"@type":"EntryPoint","urlTemplate":"https:\/\/ekspresa.com\/es\/?s={search_term_string}"},"query-input":{"@type":"PropertyValueSpecification","valueRequired":true,"valueName":"search_term_string"}}],"inLanguage":"es"},{"@type":"Organization","@id":"https:\/\/ekspresa.com\/es\/#organization","name":"Ekspresa","url":"https:\/\/ekspresa.com\/es\/","logo":{"@type":"ImageObject","inLanguage":"es","@id":"https:\/\/ekspresa.com\/es\/#\/schema\/logo\/image\/","url":"https:\/\/ekspresa.com\/wp-content\/uploads\/2026\/03\/cropped-ICO.png","contentUrl":"https:\/\/ekspresa.com\/wp-content\/uploads\/2026\/03\/cropped-ICO.png","width":1007,"height":998,"caption":"Ekspresa"},"image":{"@id":"https:\/\/ekspresa.com\/es\/#\/schema\/logo\/image\/"}}]}},"_links":{"self":[{"href":"https:\/\/ekspresa.com\/es\/wp-json\/wp\/v2\/product\/12383","targetHints":{"allow":["GET"]}}],"collection":[{"href":"https:\/\/ekspresa.com\/es\/wp-json\/wp\/v2\/product"}],"about":[{"href":"https:\/\/ekspresa.com\/es\/wp-json\/wp\/v2\/types\/product"}],"replies":[{"embeddable":true,"href":"https:\/\/ekspresa.com\/es\/wp-json\/wp\/v2\/comments?post=12383"}],"wp:featuredmedia":[{"embeddable":true,"href":"https:\/\/ekspresa.com\/es\/wp-json\/wp\/v2\/media\/2657"}],"wp:attachment":[{"href":"https:\/\/ekspresa.com\/es\/wp-json\/wp\/v2\/media?parent=12383"}],"wp:term":[{"taxonomy":"product_brand","embeddable":true,"href":"https:\/\/ekspresa.com\/es\/wp-json\/wp\/v2\/product_brand?post=12383"},{"taxonomy":"product_cat","embeddable":true,"href":"https:\/\/ekspresa.com\/es\/wp-json\/wp\/v2\/product_cat?post=12383"},{"taxonomy":"product_tag","embeddable":true,"href":"https:\/\/ekspresa.com\/es\/wp-json\/wp\/v2\/product_tag?post=12383"}],"curies":[{"name":"wp","href":"https:\/\/api.w.org\/{rel}","templated":true}]}}