{"id":12389,"date":"2026-01-12T05:52:08","date_gmt":"2026-01-12T05:52:08","guid":{"rendered":"https:\/\/ekspresa.com\/producto\/s310-24p4s\/"},"modified":"2026-01-12T05:52:08","modified_gmt":"2026-01-12T05:52:08","slug":"s310-24p4s","status":"publish","type":"product","link":"https:\/\/ekspresa.com\/es\/producto\/s310-24p4s\/","title":{"rendered":"S310-24P4S"},"content":{"rendered":"<table>\n<thead>\n<tr>\n<th>Par\u00e1metro<\/th>\n<th>Especificaci\u00f3n<\/th>\n<\/tr>\n<\/thead>\n<tbody>\n<tr>\n<td>Capacidad de conmutaci\u00f3n<\/td>\n<td>56 Gbit\/s<\/td>\n<\/tr>\n<tr>\n<td>Tasa de reenv\u00edo de paquetes<\/td>\n<td>42 Mpps<\/td>\n<\/tr>\n<tr>\n<td>GE RJ45<\/td>\n<td>24 (PoE+) (1G\/100M\/10M)<\/td>\n<\/tr>\n<tr>\n<td>GE SFP<\/td>\n<td>4 (1G)<\/td>\n<\/tr>\n<tr>\n<td>PoE<\/td>\n<td>Compatible<\/td>\n<\/tr>\n<tr>\n<td>Consumo m\u00e1ximo de energ\u00eda PoE [W]<\/td>\n<td>400<\/td>\n<\/tr>\n<tr>\n<td>iStack<\/td>\n<td>Hasta 4 switches de la misma serie en una pila.<\/td>\n<\/tr>\n<tr>\n<td>Certification<\/td>\n<td>Certificaci\u00f3n EMC; Certificaci\u00f3n de seguridad; Certificaci\u00f3n de fabricaci\u00f3n<\/td>\n<\/tr>\n<tr>\n<td>Material del chasis<\/td>\n<td>Metal<\/td>\n<\/tr>\n<tr>\n<td>Consumo de energ\u00eda est\u00e1tica [W]<\/td>\n<td>30.82<\/td>\n<\/tr>\n<tr>\n<td>Dimensiones sin embalaje (alto x ancho x profundidad) [mm(pulg.)]<\/td>\n<td>Dimensiones b\u00e1sicas (sin incluir las partes que sobresalen del cuerpo): 43,6 mm x 442,0 mm x 220,0 mm (1,72 pulg. x 17,4 pulg. x 8,66 pulg.) Dimensiones m\u00e1ximas (la profundidad es la distancia desde los puertos del panel frontal hasta las partes que sobresalen del panel posterior): 43,6 mm x 442,0 mm x 17,4 pulg. x 8,94 pulg.<\/td>\n<\/tr>\n<tr>\n<td>Dimensiones con embalaje (alto x ancho x profundidad) [mm(pulg.)]<\/td>\n<td>90.0 mm x 550.0 mm x 360.0 mm (3.54 in. x 21.65 in. x 14.17 in.)<\/td>\n<\/tr>\n<tr>\n<td>Tipo de instalaci\u00f3n<\/td>\n<td>Montaje en rack, montaje en escritorio, montaje en pared<\/td>\n<\/tr>\n<tr>\n<td>Peso sin embalaje [kg(lb)]<\/td>\n<td>2.92 kg (6.44 lb)<\/td>\n<\/tr>\n<tr>\n<td>Peso con embalaje [kg(lb)]<\/td>\n<td>3.79 kg (8.36 lb)<\/td>\n<\/tr>\n<tr>\n<td>Consumo de energ\u00eda t\u00edpico [W]<\/td>\n<td>40.07<\/td>\n<\/tr>\n<tr>\n<td>Consumo m\u00e1ximo de energ\u00eda [W]<\/td>\n<td>&#8211; Sin PoE: 47,1 W &#8211; Carga PoE completa: 491,66 W (PoE: 400 W)<\/td>\n<\/tr>\n<tr>\n<td>N\u00famero de m\u00f3dulos de ventiladores<\/td>\n<td>2<\/td>\n<\/tr>\n<tr>\n<td>Tipos de ventiladores<\/td>\n<td>Incorporado<\/td>\n<\/tr>\n<tr>\n<td>Temperatura de funcionamiento a largo plazo [\u00b0C (\u00b0F)]<\/td>\n<td>-5\u00b0C to +50\u00b0C (23\u00b0F to 122\u00b0F) at an altitude of 0-1800 m (0-5905.44 ft.)<\/td>\n<\/tr>\n<tr>\n<td>Humedad relativa [HR] de funcionamiento a largo plazo<\/td>\n<td>Humedad relativa del 5% al \u200b\u200b95%, sin condensaci\u00f3n.<\/td>\n<\/tr>\n<tr>\n<td>Modo de alimentaci\u00f3n<\/td>\n<td>Aire acondicionado incorporado<\/td>\n<\/tr>\n<tr>\n<td>Rango de voltaje de entrada [V]<\/td>\n<td>&#8211; Entrada de CA: de 90 V CA a 290 V CA; de 45 Hz a 65 Hz &#8211; Entrada de CC de alta tensi\u00f3n: de 190 V CC a 290 V CC<\/td>\n<\/tr>\n<tr>\n<td>Protecci\u00f3n contra sobretensiones en la fuente de alimentaci\u00f3n [kV]<\/td>\n<td>Modo diferencial: \u00b16 kV; modo com\u00fan: \u00b16 kV<\/td>\n<\/tr>\n<tr>\n<td>Modo de disipaci\u00f3n de calor<\/td>\n<td>Refrigeraci\u00f3n por aire para disipaci\u00f3n de calor, ajuste inteligente de la velocidad del ventilador.<\/td>\n<\/tr>\n<tr>\n<td>Direcci\u00f3n del flujo de aire<\/td>\n<td>Entrada de aire desde la izquierda y la parte delantera, salida de aire desde la derecha.<\/td>\n<\/tr>\n<\/tbody>\n<\/table>\n<p>&nbsp;<\/p>\n","protected":false},"excerpt":{"rendered":"<p>24 puertos 10\/100\/1000BASE-T, 4 puertos GE SFP | Alimentaci\u00f3n de CA | PoE+ | Velocidad de reenv\u00edo de paquetes: 42 Mpps | Capacidad de conmutaci\u00f3n: 56 Gbit\/s<\/p>\n","protected":false},"featured_media":2652,"comment_status":"open","ping_status":"closed","template":"","meta":[],"product_brand":[],"product_cat":[121],"product_tag":[],"class_list":{"0":"post-12389","1":"product","2":"type-product","3":"status-publish","4":"has-post-thumbnail","6":"product_cat-switch","8":"first","9":"instock","10":"shipping-taxable","11":"purchasable","12":"product-type-simple"},"yoast_head":"<!-- This site is optimized with the Yoast SEO plugin v27.4 - https:\/\/yoast.com\/product\/yoast-seo-wordpress\/ -->\n<title>S310-24P4S - Ekspresa<\/title>\n<meta name=\"robots\" content=\"index, follow, max-snippet:-1, max-image-preview:large, max-video-preview:-1\" \/>\n<link rel=\"canonical\" href=\"https:\/\/ekspresa.com\/es\/producto\/s310-24p4s\/\" \/>\n<meta property=\"og:locale\" content=\"es_ES\" \/>\n<meta property=\"og:type\" content=\"article\" \/>\n<meta property=\"og:title\" content=\"S310-24P4S - Ekspresa\" \/>\n<meta property=\"og:description\" content=\"24 puertos 10\/100\/1000BASE-T, 4 puertos GE SFP | Alimentaci\u00f3n de CA | PoE+ | Velocidad de reenv\u00edo de paquetes: 42 Mpps | Capacidad de conmutaci\u00f3n: 56 Gbit\/s\" \/>\n<meta property=\"og:url\" content=\"https:\/\/ekspresa.com\/es\/producto\/s310-24p4s\/\" \/>\n<meta property=\"og:site_name\" content=\"Ekspresa\" \/>\n<meta name=\"twitter:card\" content=\"summary_large_image\" \/>\n<meta name=\"twitter:label1\" content=\"Tiempo de lectura\" \/>\n\t<meta name=\"twitter:data1\" content=\"2 minutos\" \/>\n<!-- \/ Yoast SEO plugin. -->","yoast_head_json":{"title":"S310-24P4S - Ekspresa","robots":{"index":"index","follow":"follow","max-snippet":"max-snippet:-1","max-image-preview":"max-image-preview:large","max-video-preview":"max-video-preview:-1"},"canonical":"https:\/\/ekspresa.com\/es\/producto\/s310-24p4s\/","og_locale":"es_ES","og_type":"article","og_title":"S310-24P4S - Ekspresa","og_description":"24 puertos 10\/100\/1000BASE-T, 4 puertos GE SFP | Alimentaci\u00f3n de CA | PoE+ | Velocidad de reenv\u00edo de paquetes: 42 Mpps | Capacidad de conmutaci\u00f3n: 56 Gbit\/s","og_url":"https:\/\/ekspresa.com\/es\/producto\/s310-24p4s\/","og_site_name":"Ekspresa","twitter_card":"summary_large_image","twitter_misc":{"Tiempo de lectura":"2 minutos"},"schema":{"@context":"https:\/\/schema.org","@graph":[{"@type":"WebPage","@id":"https:\/\/ekspresa.com\/es\/producto\/s310-24p4s\/","url":"https:\/\/ekspresa.com\/es\/producto\/s310-24p4s\/","name":"S310-24P4S - Ekspresa","isPartOf":{"@id":"https:\/\/ekspresa.com\/es\/#website"},"primaryImageOfPage":{"@id":"https:\/\/ekspresa.com\/es\/producto\/s310-24p4s\/#primaryimage"},"image":{"@id":"https:\/\/ekspresa.com\/es\/producto\/s310-24p4s\/#primaryimage"},"thumbnailUrl":"https:\/\/ekspresa.com\/wp-content\/uploads\/2026\/01\/S310-24P4S.png","datePublished":"2026-01-12T05:52:08+00:00","breadcrumb":{"@id":"https:\/\/ekspresa.com\/es\/producto\/s310-24p4s\/#breadcrumb"},"inLanguage":"es","potentialAction":[{"@type":"ReadAction","target":["https:\/\/ekspresa.com\/es\/producto\/s310-24p4s\/"]}]},{"@type":"ImageObject","inLanguage":"es","@id":"https:\/\/ekspresa.com\/es\/producto\/s310-24p4s\/#primaryimage","url":"https:\/\/ekspresa.com\/wp-content\/uploads\/2026\/01\/S310-24P4S.png","contentUrl":"https:\/\/ekspresa.com\/wp-content\/uploads\/2026\/01\/S310-24P4S.png","width":720,"height":719},{"@type":"BreadcrumbList","@id":"https:\/\/ekspresa.com\/es\/producto\/s310-24p4s\/#breadcrumb","itemListElement":[{"@type":"ListItem","position":1,"name":"Home","item":"https:\/\/ekspresa.com\/es\/"},{"@type":"ListItem","position":2,"name":"Tienda","item":"https:\/\/ekspresa.com\/es\/tienda\/"},{"@type":"ListItem","position":3,"name":"S310-24P4S"}]},{"@type":"WebSite","@id":"https:\/\/ekspresa.com\/es\/#website","url":"https:\/\/ekspresa.com\/es\/","name":"Ekspresa","description":"Engineering services","publisher":{"@id":"https:\/\/ekspresa.com\/es\/#organization"},"potentialAction":[{"@type":"SearchAction","target":{"@type":"EntryPoint","urlTemplate":"https:\/\/ekspresa.com\/es\/?s={search_term_string}"},"query-input":{"@type":"PropertyValueSpecification","valueRequired":true,"valueName":"search_term_string"}}],"inLanguage":"es"},{"@type":"Organization","@id":"https:\/\/ekspresa.com\/es\/#organization","name":"Ekspresa","url":"https:\/\/ekspresa.com\/es\/","logo":{"@type":"ImageObject","inLanguage":"es","@id":"https:\/\/ekspresa.com\/es\/#\/schema\/logo\/image\/","url":"https:\/\/ekspresa.com\/wp-content\/uploads\/2026\/03\/cropped-ICO.png","contentUrl":"https:\/\/ekspresa.com\/wp-content\/uploads\/2026\/03\/cropped-ICO.png","width":1007,"height":998,"caption":"Ekspresa"},"image":{"@id":"https:\/\/ekspresa.com\/es\/#\/schema\/logo\/image\/"}}]}},"_links":{"self":[{"href":"https:\/\/ekspresa.com\/es\/wp-json\/wp\/v2\/product\/12389","targetHints":{"allow":["GET"]}}],"collection":[{"href":"https:\/\/ekspresa.com\/es\/wp-json\/wp\/v2\/product"}],"about":[{"href":"https:\/\/ekspresa.com\/es\/wp-json\/wp\/v2\/types\/product"}],"replies":[{"embeddable":true,"href":"https:\/\/ekspresa.com\/es\/wp-json\/wp\/v2\/comments?post=12389"}],"wp:featuredmedia":[{"embeddable":true,"href":"https:\/\/ekspresa.com\/es\/wp-json\/wp\/v2\/media\/2652"}],"wp:attachment":[{"href":"https:\/\/ekspresa.com\/es\/wp-json\/wp\/v2\/media?parent=12389"}],"wp:term":[{"taxonomy":"product_brand","embeddable":true,"href":"https:\/\/ekspresa.com\/es\/wp-json\/wp\/v2\/product_brand?post=12389"},{"taxonomy":"product_cat","embeddable":true,"href":"https:\/\/ekspresa.com\/es\/wp-json\/wp\/v2\/product_cat?post=12389"},{"taxonomy":"product_tag","embeddable":true,"href":"https:\/\/ekspresa.com\/es\/wp-json\/wp\/v2\/product_tag?post=12389"}],"curies":[{"name":"wp","href":"https:\/\/api.w.org\/{rel}","templated":true}]}}