{"id":12406,"date":"2026-01-06T13:23:56","date_gmt":"2026-01-06T13:23:56","guid":{"rendered":"https:\/\/ekspresa.com\/producto\/ap-model-ap361\/"},"modified":"2026-01-06T13:23:56","modified_gmt":"2026-01-06T13:23:56","slug":"ap-model-ap361","status":"publish","type":"product","link":"https:\/\/ekspresa.com\/es\/producto\/ap-model-ap361\/","title":{"rendered":"AP &#8211; MODEL AP361"},"content":{"rendered":"<table>\n<thead>\n<tr>\n<th>Par\u00e1metro<\/th>\n<th>Especificaci\u00f3n<\/th>\n<\/tr>\n<\/thead>\n<tbody>\n<tr>\n<td>Est\u00e1ndar Wi-Fi<\/td>\n<td>2.4G: 802.11b\/g\/n\/ax 5G: 802.11a\/n\/ac\/ac Wave 2\/ax<\/td>\n<\/tr>\n<tr>\n<td>Tipo de instalaci\u00f3n<\/td>\n<td>Pared, Techo (Pared maciza\/Placa de yeso\/Perfil en T\/Carril en T de borde plano\/Carril en U\/Viga\/Varilla roscada)<\/td>\n<\/tr>\n<tr>\n<td>Distancia \u00f3ptima de se\u00f1al (m)<\/td>\n<td>20<\/td>\n<\/tr>\n<tr>\n<td>Frecuencia del dispositivo<\/td>\n<td>1.775 Gbps<\/td>\n<\/tr>\n<tr>\n<td>N\u00famero m\u00e1ximo de puertos f\u00edsicos en todo el dispositivo.<\/td>\n<td>GE (RJ45) x 1, detecci\u00f3n autom\u00e1tica de 10M\/100M\/1000M<\/td>\n<\/tr>\n<tr>\n<td>N\u00famero de radio<\/td>\n<td>2<\/td>\n<\/tr>\n<tr>\n<td>Ancho de banda m\u00e1ximo del canal [MHz]<\/td>\n<td>Radio 0 (2.4 GHz): 40 MHzRadio 1 (5 GHz): 80 MHz<\/td>\n<\/tr>\n<tr>\n<td>Maximum transmit power<\/td>\n<td>2,4 GHz: 20 dBm\/cadena, 23 dBm (potencia combinada) 5 GHz: 20 dBm\/cadena, 23 dBm (potencia combinada) Nota: En V200R024C10 y versiones posteriores, la potencia combinada se incrementa a 23 dBm de forma predeterminada. En versiones anteriores a la V200R024C10, la potencia combinada es de tan solo 20 dBm. Para aumentar la potencia de transmisi\u00f3n del punto de acceso que ejecuta una versi\u00f3n anterior, instale el parche correspondiente siguiendo las instrucciones del anuncio en el sitio web oficial.<\/td>\n<\/tr>\n<tr>\n<td>flujos espaciales MIMO<\/td>\n<td>Radio 0 (2.4 GHz): 2x2Radio 1 (5 GHz): 2&#215;2<\/td>\n<\/tr>\n<tr>\n<td>Consumo m\u00e1ximo de energ\u00eda [W]<\/td>\n<td>9.4<\/td>\n<\/tr>\n<tr>\n<td>Rango de voltaje de entrada [V]<\/td>\n<td>PoE: 802.3af<\/td>\n<\/tr>\n<tr>\n<td>Dimensiones sin embalaje (alto x ancho x profundidad) [mm(pulg.)]<\/td>\n<td>Di\u00e1metro x profundidad: 180 mm x 35 mm (7,09 pulg. x 1,38 pulg.)<\/td>\n<\/tr>\n<tr>\n<td>Dimensiones con embalaje (alto x ancho x profundidad) [mm(pulg.)]<\/td>\n<td>200 mm x 231 mm x 61 mm (7.87 in. x 9.09 in. x 2.40 in.)<\/td>\n<\/tr>\n<tr>\n<td>Peso sin embalaje [kg(lb)]<\/td>\n<td>0.45 kg (0.99 lb)<\/td>\n<\/tr>\n<tr>\n<td>Peso con embalaje [kg(lb)]<\/td>\n<td>0.75 kg (1.65 lb)<\/td>\n<\/tr>\n<tr>\n<td>Temperatura de funcionamiento a largo plazo [\u00b0C (\u00b0F)]<\/td>\n<td>De 0 \u00b0C a 40 \u00b0C (de 32 \u00b0F a 104 \u00b0F) (Desde 1800 m hasta 5000 m [de 5905,51 pies a 16404,20 pies], la temperatura m\u00e1xima del dispositivo disminuye 1 \u00b0C [1,8 \u00b0F] por cada 300 m [984,25 pies] de aumento de altitud).<\/td>\n<\/tr>\n<tr>\n<td>Humedad relativa [HR] de funcionamiento a largo plazo<\/td>\n<td>Humedad relativa del 5% al \u200b\u200b95%, sin condensaci\u00f3n.<\/td>\n<\/tr>\n<tr>\n<td>Interfaz de radio<\/td>\n<td>Antenas inteligentes integradas<\/td>\n<\/tr>\n<tr>\n<td>Ganancia de la antena<\/td>\n<td>2,4 GHz: 4 dBi\/cadena (pico), 2 dBi (ganancia combinada) 5 GHz: 5 dBi\/cadena (valor pico), 3 dBi (ganancia combinada)<\/td>\n<\/tr>\n<tr>\n<td>Banda de frecuencia de funcionamiento<\/td>\n<td>2.4GHz, 5GHz<\/td>\n<\/tr>\n<\/tbody>\n<\/table>\n","protected":false},"excerpt":{"rendered":"<p>Punto de acceso fijo | 802.11ax | Velocidad de dispositivo de 1,775 Gbps | Doble banda | Potencia de transmisi\u00f3n de 23 dBm | Antena inteligente | Alcance de cobertura \u00f3ptimo de 20 m<\/p>\n","protected":false},"featured_media":2467,"comment_status":"open","ping_status":"closed","template":"","meta":[],"product_brand":[],"product_cat":[142],"product_tag":[],"class_list":{"0":"post-12406","1":"product","2":"type-product","3":"status-publish","4":"has-post-thumbnail","6":"product_cat-ap","8":"first","9":"instock","10":"shipping-taxable","11":"purchasable","12":"product-type-simple"},"yoast_head":"<!-- This site is optimized with the Yoast SEO plugin v27.4 - https:\/\/yoast.com\/product\/yoast-seo-wordpress\/ -->\n<title>AP - MODEL AP361 - Ekspresa<\/title>\n<meta name=\"robots\" content=\"index, follow, max-snippet:-1, max-image-preview:large, max-video-preview:-1\" \/>\n<link rel=\"canonical\" href=\"https:\/\/ekspresa.com\/es\/producto\/ap-model-ap361\/\" \/>\n<meta property=\"og:locale\" content=\"es_ES\" \/>\n<meta property=\"og:type\" content=\"article\" \/>\n<meta property=\"og:title\" content=\"AP - MODEL AP361 - Ekspresa\" \/>\n<meta property=\"og:description\" content=\"Punto de acceso fijo | 802.11ax | Velocidad de dispositivo de 1,775 Gbps | Doble banda | Potencia de transmisi\u00f3n de 23 dBm | Antena inteligente | Alcance de cobertura \u00f3ptimo de 20 m\" \/>\n<meta property=\"og:url\" content=\"https:\/\/ekspresa.com\/es\/producto\/ap-model-ap361\/\" \/>\n<meta property=\"og:site_name\" content=\"Ekspresa\" \/>\n<meta property=\"og:image\" content=\"https:\/\/ekspresa.com\/wp-content\/uploads\/2026\/01\/descargar.png\" \/>\n\t<meta property=\"og:image:width\" content=\"720\" \/>\n\t<meta property=\"og:image:height\" content=\"719\" \/>\n\t<meta property=\"og:image:type\" content=\"image\/png\" \/>\n<meta name=\"twitter:card\" content=\"summary_large_image\" \/>\n<meta name=\"twitter:label1\" content=\"Tiempo de lectura\" \/>\n\t<meta name=\"twitter:data1\" content=\"2 minutos\" \/>\n<!-- \/ Yoast SEO plugin. -->","yoast_head_json":{"title":"AP - MODEL AP361 - Ekspresa","robots":{"index":"index","follow":"follow","max-snippet":"max-snippet:-1","max-image-preview":"max-image-preview:large","max-video-preview":"max-video-preview:-1"},"canonical":"https:\/\/ekspresa.com\/es\/producto\/ap-model-ap361\/","og_locale":"es_ES","og_type":"article","og_title":"AP - MODEL AP361 - Ekspresa","og_description":"Punto de acceso fijo | 802.11ax | Velocidad de dispositivo de 1,775 Gbps | Doble banda | Potencia de transmisi\u00f3n de 23 dBm | Antena inteligente | Alcance de cobertura \u00f3ptimo de 20 m","og_url":"https:\/\/ekspresa.com\/es\/producto\/ap-model-ap361\/","og_site_name":"Ekspresa","og_image":[{"width":720,"height":719,"url":"https:\/\/ekspresa.com\/wp-content\/uploads\/2026\/01\/descargar.png","type":"image\/png"}],"twitter_card":"summary_large_image","twitter_misc":{"Tiempo de lectura":"2 minutos"},"schema":{"@context":"https:\/\/schema.org","@graph":[{"@type":"WebPage","@id":"https:\/\/ekspresa.com\/es\/producto\/ap-model-ap361\/","url":"https:\/\/ekspresa.com\/es\/producto\/ap-model-ap361\/","name":"AP - MODEL AP361 - Ekspresa","isPartOf":{"@id":"https:\/\/ekspresa.com\/es\/#website"},"primaryImageOfPage":{"@id":"https:\/\/ekspresa.com\/es\/producto\/ap-model-ap361\/#primaryimage"},"image":{"@id":"https:\/\/ekspresa.com\/es\/producto\/ap-model-ap361\/#primaryimage"},"thumbnailUrl":"https:\/\/ekspresa.com\/wp-content\/uploads\/2026\/01\/descargar.png","datePublished":"2026-01-06T13:23:56+00:00","breadcrumb":{"@id":"https:\/\/ekspresa.com\/es\/producto\/ap-model-ap361\/#breadcrumb"},"inLanguage":"es","potentialAction":[{"@type":"ReadAction","target":["https:\/\/ekspresa.com\/es\/producto\/ap-model-ap361\/"]}]},{"@type":"ImageObject","inLanguage":"es","@id":"https:\/\/ekspresa.com\/es\/producto\/ap-model-ap361\/#primaryimage","url":"https:\/\/ekspresa.com\/wp-content\/uploads\/2026\/01\/descargar.png","contentUrl":"https:\/\/ekspresa.com\/wp-content\/uploads\/2026\/01\/descargar.png","width":720,"height":719},{"@type":"BreadcrumbList","@id":"https:\/\/ekspresa.com\/es\/producto\/ap-model-ap361\/#breadcrumb","itemListElement":[{"@type":"ListItem","position":1,"name":"Home","item":"https:\/\/ekspresa.com\/es\/"},{"@type":"ListItem","position":2,"name":"Tienda","item":"https:\/\/ekspresa.com\/es\/tienda\/"},{"@type":"ListItem","position":3,"name":"AP &#8211; MODEL AP361"}]},{"@type":"WebSite","@id":"https:\/\/ekspresa.com\/es\/#website","url":"https:\/\/ekspresa.com\/es\/","name":"Ekspresa","description":"Engineering services","publisher":{"@id":"https:\/\/ekspresa.com\/es\/#organization"},"potentialAction":[{"@type":"SearchAction","target":{"@type":"EntryPoint","urlTemplate":"https:\/\/ekspresa.com\/es\/?s={search_term_string}"},"query-input":{"@type":"PropertyValueSpecification","valueRequired":true,"valueName":"search_term_string"}}],"inLanguage":"es"},{"@type":"Organization","@id":"https:\/\/ekspresa.com\/es\/#organization","name":"Ekspresa","url":"https:\/\/ekspresa.com\/es\/","logo":{"@type":"ImageObject","inLanguage":"es","@id":"https:\/\/ekspresa.com\/es\/#\/schema\/logo\/image\/","url":"https:\/\/ekspresa.com\/wp-content\/uploads\/2026\/03\/cropped-ICO.png","contentUrl":"https:\/\/ekspresa.com\/wp-content\/uploads\/2026\/03\/cropped-ICO.png","width":1007,"height":998,"caption":"Ekspresa"},"image":{"@id":"https:\/\/ekspresa.com\/es\/#\/schema\/logo\/image\/"}}]}},"_links":{"self":[{"href":"https:\/\/ekspresa.com\/es\/wp-json\/wp\/v2\/product\/12406","targetHints":{"allow":["GET"]}}],"collection":[{"href":"https:\/\/ekspresa.com\/es\/wp-json\/wp\/v2\/product"}],"about":[{"href":"https:\/\/ekspresa.com\/es\/wp-json\/wp\/v2\/types\/product"}],"replies":[{"embeddable":true,"href":"https:\/\/ekspresa.com\/es\/wp-json\/wp\/v2\/comments?post=12406"}],"wp:featuredmedia":[{"embeddable":true,"href":"https:\/\/ekspresa.com\/es\/wp-json\/wp\/v2\/media\/2467"}],"wp:attachment":[{"href":"https:\/\/ekspresa.com\/es\/wp-json\/wp\/v2\/media?parent=12406"}],"wp:term":[{"taxonomy":"product_brand","embeddable":true,"href":"https:\/\/ekspresa.com\/es\/wp-json\/wp\/v2\/product_brand?post=12406"},{"taxonomy":"product_cat","embeddable":true,"href":"https:\/\/ekspresa.com\/es\/wp-json\/wp\/v2\/product_cat?post=12406"},{"taxonomy":"product_tag","embeddable":true,"href":"https:\/\/ekspresa.com\/es\/wp-json\/wp\/v2\/product_tag?post=12406"}],"curies":[{"name":"wp","href":"https:\/\/api.w.org\/{rel}","templated":true}]}}