{"id":12436,"date":"2026-01-12T05:27:13","date_gmt":"2026-01-12T05:27:13","guid":{"rendered":"https:\/\/ekspresa.com\/producto\/ar-model-ar180\/"},"modified":"2026-01-12T05:27:13","modified_gmt":"2026-01-12T05:27:13","slug":"ar-model-ar180","status":"publish","type":"product","link":"https:\/\/ekspresa.com\/es\/producto\/ar-model-ar180\/","title":{"rendered":"AR &#8211; MODEL AR180"},"content":{"rendered":"<table>\n<thead>\n<tr>\n<th>Par\u00e1metro<\/th>\n<th>Especificaci\u00f3n<\/th>\n<\/tr>\n<\/thead>\n<tbody>\n<tr>\n<td>Tipo de instalaci\u00f3n<\/td>\n<td>Banco de trabajo, contra la pared<\/td>\n<\/tr>\n<tr>\n<td>Dimensiones sin embalaje (alto x ancho x profundidad) [mm(pulg.)]<\/td>\n<td>&#8211; Dimensiones b\u00e1sicas: 35 mm x 195 mm x 130 mm (1,38 pulg. x 7,68 pulg. x 5,12 pulg.) &#8211; Dimensiones m\u00e1ximas: 163 mm x 195 mm x 150 mm (6,42 pulg. x 7,68 pulg. x 5,91 pulg.)<\/td>\n<\/tr>\n<tr>\n<td>Chassis height [U]<\/td>\n<td>0.8<\/td>\n<\/tr>\n<tr>\n<td>Dimensiones con embalaje (alto x ancho x profundidad) [mm(pulg.)]<\/td>\n<td>90 mm x 230 mm x 185 mm (3.54 in. x 9.06 in. x 7.28 in.)<\/td>\n<\/tr>\n<tr>\n<td>Peso con embalaje [kg(lb)]<\/td>\n<td>0.99 kg (2.18 lb)<\/td>\n<\/tr>\n<tr>\n<td>Peso sin embalaje [kg(lb)]<\/td>\n<td>0.63 kg (1.39 lb)<\/td>\n<\/tr>\n<tr>\n<td>CPU<\/td>\n<td>1.3 GHz, dual-core<\/td>\n<\/tr>\n<tr>\n<td>Consumo m\u00e1ximo de energ\u00eda [W]<\/td>\n<td>13<\/td>\n<\/tr>\n<tr>\n<td>Consumo de energ\u00eda t\u00edpico [W]<\/td>\n<td>7<\/td>\n<\/tr>\n<tr>\n<td>Modo de alimentaci\u00f3n<\/td>\n<td>Adaptador de corriente alterna<\/td>\n<\/tr>\n<tr>\n<td>N\u00famero de m\u00f3dulos de potencia<\/td>\n<td>1<\/td>\n<\/tr>\n<tr>\n<td>Tensi\u00f3n de entrada nominal [V]<\/td>\n<td>110 V AC\u2013220 V AC; 50\/60 Hz<\/td>\n<\/tr>\n<tr>\n<td>Rango de voltaje de entrada [V]<\/td>\n<td>90 V AC\u2013264 V AC; 45 Hz\u201365 Hz<\/td>\n<\/tr>\n<tr>\n<td>Potencia m\u00e1xima de salida [W]<\/td>\n<td>24 W<\/td>\n<\/tr>\n<tr>\n<td>Certificaci\u00f3n de normas de seguridad<\/td>\n<td>IEC\/EN\/UL 62368-1; GB 4943.1; CSA C22.2 No. 62368-1; AS\/NZS 62368-1<\/td>\n<\/tr>\n<tr>\n<td>Certificaci\u00f3n EMC<\/td>\n<td>EN 55032; EN 55035; EN 300386; EN 61000-3-2; EN 61000-3-3; EN 301 489-1; EN 301 489-17; CIEM-003; AS\/NZS CIPSR32; VCCI-CIPSR32; GB\/T 9254,1; FCC CFR47 parte 15<\/td>\n<\/tr>\n<tr>\n<td>Modo de disipaci\u00f3n de calor<\/td>\n<td>Disipaci\u00f3n natural del calor<\/td>\n<\/tr>\n<tr>\n<td>Temperatura de funcionamiento a largo plazo [\u00b0C (\u00b0F)]<\/td>\n<td>0 \u00b0C a 40 \u00b0C (32 \u00b0F a 104 \u00b0F) Nota: Cuando la altitud es de 1800 m a 5000 m (5906 pies a 16404,2 pies), la temperatura m\u00e1xima de funcionamiento se reduce en 1 \u00b0C (1,8 \u00b0F) cada vez que la altitud aumenta en 220 m (722 pies).<\/td>\n<\/tr>\n<tr>\n<td>Temperatura de almacenamiento [\u00b0C(\u00b0F)]<\/td>\n<td>-40\u00b0C to +70\u00b0C (-40\u00b0F to +158\u00b0F)<\/td>\n<\/tr>\n<tr>\n<td>Humedad relativa [HR] de funcionamiento a largo plazo<\/td>\n<td>Humedad relativa del 5% al \u200b\u200b95%, sin condensaci\u00f3n.<\/td>\n<\/tr>\n<tr>\n<td>LAN ports<\/td>\n<td>4 x GE electrical interfaces<\/td>\n<\/tr>\n<tr>\n<td>puertos WAN<\/td>\n<td>1 puerto el\u00e9ctrico de 2,5 GE<\/td>\n<\/tr>\n<tr>\n<td>flujo de aire<\/td>\n<td>Disipaci\u00f3n natural del calor<\/td>\n<\/tr>\n<tr>\n<td>Cumplimiento de las normas ambientales<\/td>\n<td>EN 300 019-2; IEC 60068-2<\/td>\n<\/tr>\n<tr>\n<td>Alarma de sobretemperatura<\/td>\n<td>Compatible<\/td>\n<\/tr>\n<tr>\n<td>GE RJ45<\/td>\n<td>4 (1G\/100M\/10M)<\/td>\n<\/tr>\n<tr>\n<td>2.5GE RJ45<\/td>\n<td>1 (2.5G\/1G\/100M\/10M)<\/td>\n<\/tr>\n<tr>\n<td>Certificaci\u00f3n<\/td>\n<td>Certificaci\u00f3n EMC; Certificaci\u00f3n de seguridad; Certificaci\u00f3n de fabricaci\u00f3n<\/td>\n<\/tr>\n<\/tbody>\n<\/table>\n<p>&nbsp;<\/p>\n","protected":false},"excerpt":{"rendered":"<p>Router inal\u00e1mbrico de nivel empresarial | Wi-Fi 7 | N\u00famero de t\u00faneles IPSec: 8 | Pl\u00e1stico, blanco | N\u00famero de puntos de acceso gestionados: 8 | N\u00famero de dispositivos gestionados: 9 | N\u00famero de terminales conectados: 100 | Ancho de banda de salida: 2 Gbps | Rendimiento de reenv\u00edo VPN: 200 Mbps | 4 puertos el\u00e9ctricos GE + 1 puerto el\u00e9ctrico 2.5GE<\/p>\n","protected":false},"featured_media":2634,"comment_status":"open","ping_status":"closed","template":"","meta":[],"product_brand":[],"product_cat":[144],"product_tag":[],"class_list":{"0":"post-12436","1":"product","2":"type-product","3":"status-publish","4":"has-post-thumbnail","6":"product_cat-router","8":"first","9":"instock","10":"shipping-taxable","11":"purchasable","12":"product-type-simple"},"yoast_head":"<!-- This site is optimized with the Yoast SEO plugin v27.4 - https:\/\/yoast.com\/product\/yoast-seo-wordpress\/ -->\n<title>AR - MODEL AR180 - Ekspresa<\/title>\n<meta name=\"robots\" content=\"index, follow, max-snippet:-1, max-image-preview:large, max-video-preview:-1\" \/>\n<link rel=\"canonical\" href=\"https:\/\/ekspresa.com\/es\/producto\/ar-model-ar180\/\" \/>\n<meta property=\"og:locale\" content=\"es_ES\" \/>\n<meta property=\"og:type\" content=\"article\" \/>\n<meta property=\"og:title\" content=\"AR - MODEL AR180 - Ekspresa\" \/>\n<meta property=\"og:description\" content=\"Router inal\u00e1mbrico de nivel empresarial | Wi-Fi 7 | N\u00famero de t\u00faneles IPSec: 8 | Pl\u00e1stico, blanco | N\u00famero de puntos de acceso gestionados: 8 | N\u00famero de dispositivos gestionados: 9 | N\u00famero de terminales conectados: 100 | Ancho de banda de salida: 2 Gbps | Rendimiento de reenv\u00edo VPN: 200 Mbps | 4 puertos el\u00e9ctricos GE + 1 puerto el\u00e9ctrico 2.5GE\" \/>\n<meta property=\"og:url\" content=\"https:\/\/ekspresa.com\/es\/producto\/ar-model-ar180\/\" \/>\n<meta property=\"og:site_name\" content=\"Ekspresa\" \/>\n<meta property=\"og:image\" content=\"https:\/\/ekspresa.com\/wp-content\/uploads\/2026\/01\/AR180.png\" \/>\n\t<meta property=\"og:image:width\" content=\"720\" \/>\n\t<meta property=\"og:image:height\" content=\"719\" \/>\n\t<meta property=\"og:image:type\" content=\"image\/png\" \/>\n<meta name=\"twitter:card\" content=\"summary_large_image\" \/>\n<meta name=\"twitter:label1\" content=\"Tiempo de lectura\" \/>\n\t<meta name=\"twitter:data1\" content=\"2 minutos\" \/>\n<!-- \/ Yoast SEO plugin. -->","yoast_head_json":{"title":"AR - MODEL AR180 - Ekspresa","robots":{"index":"index","follow":"follow","max-snippet":"max-snippet:-1","max-image-preview":"max-image-preview:large","max-video-preview":"max-video-preview:-1"},"canonical":"https:\/\/ekspresa.com\/es\/producto\/ar-model-ar180\/","og_locale":"es_ES","og_type":"article","og_title":"AR - MODEL AR180 - Ekspresa","og_description":"Router inal\u00e1mbrico de nivel empresarial | Wi-Fi 7 | N\u00famero de t\u00faneles IPSec: 8 | Pl\u00e1stico, blanco | N\u00famero de puntos de acceso gestionados: 8 | N\u00famero de dispositivos gestionados: 9 | N\u00famero de terminales conectados: 100 | Ancho de banda de salida: 2 Gbps | Rendimiento de reenv\u00edo VPN: 200 Mbps | 4 puertos el\u00e9ctricos GE + 1 puerto el\u00e9ctrico 2.5GE","og_url":"https:\/\/ekspresa.com\/es\/producto\/ar-model-ar180\/","og_site_name":"Ekspresa","og_image":[{"width":720,"height":719,"url":"https:\/\/ekspresa.com\/wp-content\/uploads\/2026\/01\/AR180.png","type":"image\/png"}],"twitter_card":"summary_large_image","twitter_misc":{"Tiempo de lectura":"2 minutos"},"schema":{"@context":"https:\/\/schema.org","@graph":[{"@type":"WebPage","@id":"https:\/\/ekspresa.com\/es\/producto\/ar-model-ar180\/","url":"https:\/\/ekspresa.com\/es\/producto\/ar-model-ar180\/","name":"AR - MODEL AR180 - Ekspresa","isPartOf":{"@id":"https:\/\/ekspresa.com\/es\/#website"},"primaryImageOfPage":{"@id":"https:\/\/ekspresa.com\/es\/producto\/ar-model-ar180\/#primaryimage"},"image":{"@id":"https:\/\/ekspresa.com\/es\/producto\/ar-model-ar180\/#primaryimage"},"thumbnailUrl":"https:\/\/ekspresa.com\/wp-content\/uploads\/2026\/01\/AR180.png","datePublished":"2026-01-12T05:27:13+00:00","breadcrumb":{"@id":"https:\/\/ekspresa.com\/es\/producto\/ar-model-ar180\/#breadcrumb"},"inLanguage":"es","potentialAction":[{"@type":"ReadAction","target":["https:\/\/ekspresa.com\/es\/producto\/ar-model-ar180\/"]}]},{"@type":"ImageObject","inLanguage":"es","@id":"https:\/\/ekspresa.com\/es\/producto\/ar-model-ar180\/#primaryimage","url":"https:\/\/ekspresa.com\/wp-content\/uploads\/2026\/01\/AR180.png","contentUrl":"https:\/\/ekspresa.com\/wp-content\/uploads\/2026\/01\/AR180.png","width":720,"height":719},{"@type":"BreadcrumbList","@id":"https:\/\/ekspresa.com\/es\/producto\/ar-model-ar180\/#breadcrumb","itemListElement":[{"@type":"ListItem","position":1,"name":"Home","item":"https:\/\/ekspresa.com\/es\/"},{"@type":"ListItem","position":2,"name":"Tienda","item":"https:\/\/ekspresa.com\/es\/tienda\/"},{"@type":"ListItem","position":3,"name":"AR &#8211; MODEL AR180"}]},{"@type":"WebSite","@id":"https:\/\/ekspresa.com\/es\/#website","url":"https:\/\/ekspresa.com\/es\/","name":"Ekspresa","description":"Engineering services","publisher":{"@id":"https:\/\/ekspresa.com\/es\/#organization"},"potentialAction":[{"@type":"SearchAction","target":{"@type":"EntryPoint","urlTemplate":"https:\/\/ekspresa.com\/es\/?s={search_term_string}"},"query-input":{"@type":"PropertyValueSpecification","valueRequired":true,"valueName":"search_term_string"}}],"inLanguage":"es"},{"@type":"Organization","@id":"https:\/\/ekspresa.com\/es\/#organization","name":"Ekspresa","url":"https:\/\/ekspresa.com\/es\/","logo":{"@type":"ImageObject","inLanguage":"es","@id":"https:\/\/ekspresa.com\/es\/#\/schema\/logo\/image\/","url":"https:\/\/ekspresa.com\/wp-content\/uploads\/2026\/03\/cropped-ICO.png","contentUrl":"https:\/\/ekspresa.com\/wp-content\/uploads\/2026\/03\/cropped-ICO.png","width":1007,"height":998,"caption":"Ekspresa"},"image":{"@id":"https:\/\/ekspresa.com\/es\/#\/schema\/logo\/image\/"}}]}},"_links":{"self":[{"href":"https:\/\/ekspresa.com\/es\/wp-json\/wp\/v2\/product\/12436","targetHints":{"allow":["GET"]}}],"collection":[{"href":"https:\/\/ekspresa.com\/es\/wp-json\/wp\/v2\/product"}],"about":[{"href":"https:\/\/ekspresa.com\/es\/wp-json\/wp\/v2\/types\/product"}],"replies":[{"embeddable":true,"href":"https:\/\/ekspresa.com\/es\/wp-json\/wp\/v2\/comments?post=12436"}],"wp:featuredmedia":[{"embeddable":true,"href":"https:\/\/ekspresa.com\/es\/wp-json\/wp\/v2\/media\/2634"}],"wp:attachment":[{"href":"https:\/\/ekspresa.com\/es\/wp-json\/wp\/v2\/media?parent=12436"}],"wp:term":[{"taxonomy":"product_brand","embeddable":true,"href":"https:\/\/ekspresa.com\/es\/wp-json\/wp\/v2\/product_brand?post=12436"},{"taxonomy":"product_cat","embeddable":true,"href":"https:\/\/ekspresa.com\/es\/wp-json\/wp\/v2\/product_cat?post=12436"},{"taxonomy":"product_tag","embeddable":true,"href":"https:\/\/ekspresa.com\/es\/wp-json\/wp\/v2\/product_tag?post=12436"}],"curies":[{"name":"wp","href":"https:\/\/api.w.org\/{rel}","templated":true}]}}