{"id":12477,"date":"2026-01-12T01:29:06","date_gmt":"2026-01-12T01:29:06","guid":{"rendered":"https:\/\/ekspresa.com\/producto\/s380-s8t2t\/"},"modified":"2026-01-12T01:29:06","modified_gmt":"2026-01-12T01:29:06","slug":"s380-s8t2t","status":"publish","type":"product","link":"https:\/\/ekspresa.com\/es\/producto\/s380-s8t2t\/","title":{"rendered":"S380-S8T2T"},"content":{"rendered":"<table>\n<thead>\n<tr>\n<th>Par\u00e1metro<\/th>\n<th>Especificaci\u00f3n<\/th>\n<\/tr>\n<\/thead>\n<tbody>\n<tr>\n<td>Capacidad de conmutaci\u00f3n<\/td>\n<td>16Gbps<\/td>\n<\/tr>\n<tr>\n<td>Tasa de reenv\u00edo de paquetes<\/td>\n<td>Carga: 500 Kpps, descarga: 420 Kpps<\/td>\n<\/tr>\n<tr>\n<td>Ancho de banda de salida<\/td>\n<td>2Gbps<\/td>\n<\/tr>\n<tr>\n<td>Usuario m\u00e1ximo<\/td>\n<td>300<\/td>\n<\/tr>\n<tr>\n<td>Puntos de acceso gestionados<\/td>\n<td>64<\/td>\n<\/tr>\n<tr>\n<td>GE RJ45<\/td>\n<td>10 (1G\/100M\/10M)<\/td>\n<\/tr>\n<tr>\n<td>puertos WAN<\/td>\n<td>2 x GE WAN<\/td>\n<\/tr>\n<tr>\n<td>LAN ports<\/td>\n<td>8 x GE LAN<\/td>\n<\/tr>\n<tr>\n<td>Dimensiones sin embalaje (alto x ancho x profundidad) [mm(pulg.)]<\/td>\n<td>Dimensiones b\u00e1sicas (excluyendo las partes que sobresalen del cuerpo): 43,6 mm x 442,0 mm x 160,0 mm (1,72 pulg. x 17,4 pulg. x 6,3 pulg.) Dimensiones m\u00e1ximas (la profundidad es la distancia desde los puertos del panel frontal hasta las partes que sobresalen del panel posterior): 43,6 mm x 442,0 mm x 165,2 mm (1,72 pulg. x 17,4 pulg. x 6,5 pulg.)<\/td>\n<\/tr>\n<tr>\n<td>Dimensiones con embalaje (alto x ancho x profundidad) [mm(pulg.)]<\/td>\n<td>90.0 mm x 550.0 mm x 260.0 mm (3.54 in. x 21.65 in. x 10.24 in.)<\/td>\n<\/tr>\n<tr>\n<td>Tipo de instalaci\u00f3n<\/td>\n<td>Montaje en rack, montaje en escritorio, montaje en pared<\/td>\n<\/tr>\n<tr>\n<td>Material del chasis<\/td>\n<td>Metal<\/td>\n<\/tr>\n<tr>\n<td>Peso sin embalaje [kg(lb)]<\/td>\n<td>1.6 kg (3.53 lb)<\/td>\n<\/tr>\n<tr>\n<td>Peso con embalaje [kg(lb)]<\/td>\n<td>2.1 kg (4.63 lb)<\/td>\n<\/tr>\n<tr>\n<td>Consumo de energ\u00eda t\u00edpico [W]<\/td>\n<td>10.4<\/td>\n<\/tr>\n<tr>\n<td>Consumo m\u00e1ximo de energ\u00eda [W]<\/td>\n<td>10.55<\/td>\n<\/tr>\n<tr>\n<td>Temperatura de funcionamiento a largo plazo [\u00b0C (\u00b0F)]<\/td>\n<td>De 0 \u00b0C a 40 \u00b0C (de 32 \u00b0F a 104 \u00b0F) a una altitud de 0 a 1800 m (de 0 a 5906 pies).<\/td>\n<\/tr>\n<tr>\n<td>Humedad relativa [HR] de funcionamiento a largo plazo<\/td>\n<td>Humedad relativa del 5% al \u200b\u200b95%, sin condensaci\u00f3n.<\/td>\n<\/tr>\n<tr>\n<td>Modo de alimentaci\u00f3n<\/td>\n<td>Aire acondicionado incorporado<\/td>\n<\/tr>\n<tr>\n<td>Rango de voltaje de entrada [V]<\/td>\n<td>AC input: 90 V AC to 264 V AC; 45 Hz to 65 Hz<\/td>\n<\/tr>\n<tr>\n<td>Protecci\u00f3n contra sobretensiones en la fuente de alimentaci\u00f3n [kV]<\/td>\n<td>Adaptador de corriente: \u00b16 kV en modo diferencial y \u00b16 kV en modo com\u00fan.<\/td>\n<\/tr>\n<tr>\n<td>Modo de disipaci\u00f3n de calor<\/td>\n<td>Disipaci\u00f3n natural del calor<\/td>\n<\/tr>\n<tr>\n<td>Certificaci\u00f3n<\/td>\n<td>Certificaci\u00f3n EMC; Certificaci\u00f3n de seguridad; Certificaci\u00f3n de fabricaci\u00f3n<\/td>\n<\/tr>\n<\/tbody>\n<\/table>\n","protected":false},"excerpt":{"rendered":"<p>Puerta de enlace multiservicio | N\u00famero de puntos de acceso gestionados: 64 | Usuarios m\u00e1ximos: 300 | Capacidad de conmutaci\u00f3n: 16 Gbps | Tasa de reenv\u00edo de paquetes: Carga: 500 kpps, Descarga: 420 kpps | Ancho de banda de salida: 2 Gbps | 2 puertos 10\/100\/1000BASE-T (WAN) + 8 puertos 10\/100\/1000BASE-T (LAN)<\/p>\n","protected":false},"featured_media":2619,"comment_status":"open","ping_status":"closed","template":"","meta":[],"product_brand":[],"product_cat":[145],"product_tag":[],"class_list":{"0":"post-12477","1":"product","2":"type-product","3":"status-publish","4":"has-post-thumbnail","6":"product_cat-gateway","8":"first","9":"instock","10":"shipping-taxable","11":"purchasable","12":"product-type-simple"},"yoast_head":"<!-- This site is optimized with the Yoast SEO plugin v27.4 - https:\/\/yoast.com\/product\/yoast-seo-wordpress\/ -->\n<title>S380-S8T2T - Ekspresa<\/title>\n<meta name=\"robots\" content=\"index, follow, max-snippet:-1, max-image-preview:large, max-video-preview:-1\" \/>\n<link rel=\"canonical\" href=\"https:\/\/ekspresa.com\/es\/producto\/s380-s8t2t\/\" \/>\n<meta property=\"og:locale\" content=\"es_ES\" \/>\n<meta property=\"og:type\" content=\"article\" \/>\n<meta property=\"og:title\" content=\"S380-S8T2T - Ekspresa\" \/>\n<meta property=\"og:description\" content=\"Puerta de enlace multiservicio | N\u00famero de puntos de acceso gestionados: 64 | Usuarios m\u00e1ximos: 300 | Capacidad de conmutaci\u00f3n: 16 Gbps | Tasa de reenv\u00edo de paquetes: Carga: 500 kpps, Descarga: 420 kpps | Ancho de banda de salida: 2 Gbps | 2 puertos 10\/100\/1000BASE-T (WAN) + 8 puertos 10\/100\/1000BASE-T (LAN)\" \/>\n<meta property=\"og:url\" content=\"https:\/\/ekspresa.com\/es\/producto\/s380-s8t2t\/\" \/>\n<meta property=\"og:site_name\" content=\"Ekspresa\" \/>\n<meta property=\"og:image\" content=\"https:\/\/ekspresa.com\/wp-content\/uploads\/2026\/01\/S380-S8T2T.png\" \/>\n\t<meta property=\"og:image:width\" content=\"720\" \/>\n\t<meta property=\"og:image:height\" content=\"719\" \/>\n\t<meta property=\"og:image:type\" content=\"image\/png\" \/>\n<meta name=\"twitter:card\" content=\"summary_large_image\" \/>\n<meta name=\"twitter:label1\" content=\"Tiempo de lectura\" \/>\n\t<meta name=\"twitter:data1\" content=\"1 minuto\" \/>\n<!-- \/ Yoast SEO plugin. -->","yoast_head_json":{"title":"S380-S8T2T - Ekspresa","robots":{"index":"index","follow":"follow","max-snippet":"max-snippet:-1","max-image-preview":"max-image-preview:large","max-video-preview":"max-video-preview:-1"},"canonical":"https:\/\/ekspresa.com\/es\/producto\/s380-s8t2t\/","og_locale":"es_ES","og_type":"article","og_title":"S380-S8T2T - Ekspresa","og_description":"Puerta de enlace multiservicio | N\u00famero de puntos de acceso gestionados: 64 | Usuarios m\u00e1ximos: 300 | Capacidad de conmutaci\u00f3n: 16 Gbps | Tasa de reenv\u00edo de paquetes: Carga: 500 kpps, Descarga: 420 kpps | Ancho de banda de salida: 2 Gbps | 2 puertos 10\/100\/1000BASE-T (WAN) + 8 puertos 10\/100\/1000BASE-T (LAN)","og_url":"https:\/\/ekspresa.com\/es\/producto\/s380-s8t2t\/","og_site_name":"Ekspresa","og_image":[{"width":720,"height":719,"url":"https:\/\/ekspresa.com\/wp-content\/uploads\/2026\/01\/S380-S8T2T.png","type":"image\/png"}],"twitter_card":"summary_large_image","twitter_misc":{"Tiempo de lectura":"1 minuto"},"schema":{"@context":"https:\/\/schema.org","@graph":[{"@type":"WebPage","@id":"https:\/\/ekspresa.com\/es\/producto\/s380-s8t2t\/","url":"https:\/\/ekspresa.com\/es\/producto\/s380-s8t2t\/","name":"S380-S8T2T - Ekspresa","isPartOf":{"@id":"https:\/\/ekspresa.com\/es\/#website"},"primaryImageOfPage":{"@id":"https:\/\/ekspresa.com\/es\/producto\/s380-s8t2t\/#primaryimage"},"image":{"@id":"https:\/\/ekspresa.com\/es\/producto\/s380-s8t2t\/#primaryimage"},"thumbnailUrl":"https:\/\/ekspresa.com\/wp-content\/uploads\/2026\/01\/S380-S8T2T.png","datePublished":"2026-01-12T01:29:06+00:00","breadcrumb":{"@id":"https:\/\/ekspresa.com\/es\/producto\/s380-s8t2t\/#breadcrumb"},"inLanguage":"es","potentialAction":[{"@type":"ReadAction","target":["https:\/\/ekspresa.com\/es\/producto\/s380-s8t2t\/"]}]},{"@type":"ImageObject","inLanguage":"es","@id":"https:\/\/ekspresa.com\/es\/producto\/s380-s8t2t\/#primaryimage","url":"https:\/\/ekspresa.com\/wp-content\/uploads\/2026\/01\/S380-S8T2T.png","contentUrl":"https:\/\/ekspresa.com\/wp-content\/uploads\/2026\/01\/S380-S8T2T.png","width":720,"height":719},{"@type":"BreadcrumbList","@id":"https:\/\/ekspresa.com\/es\/producto\/s380-s8t2t\/#breadcrumb","itemListElement":[{"@type":"ListItem","position":1,"name":"Home","item":"https:\/\/ekspresa.com\/es\/"},{"@type":"ListItem","position":2,"name":"Tienda","item":"https:\/\/ekspresa.com\/es\/tienda\/"},{"@type":"ListItem","position":3,"name":"S380-S8T2T"}]},{"@type":"WebSite","@id":"https:\/\/ekspresa.com\/es\/#website","url":"https:\/\/ekspresa.com\/es\/","name":"Ekspresa","description":"Engineering services","publisher":{"@id":"https:\/\/ekspresa.com\/es\/#organization"},"potentialAction":[{"@type":"SearchAction","target":{"@type":"EntryPoint","urlTemplate":"https:\/\/ekspresa.com\/es\/?s={search_term_string}"},"query-input":{"@type":"PropertyValueSpecification","valueRequired":true,"valueName":"search_term_string"}}],"inLanguage":"es"},{"@type":"Organization","@id":"https:\/\/ekspresa.com\/es\/#organization","name":"Ekspresa","url":"https:\/\/ekspresa.com\/es\/","logo":{"@type":"ImageObject","inLanguage":"es","@id":"https:\/\/ekspresa.com\/es\/#\/schema\/logo\/image\/","url":"https:\/\/ekspresa.com\/wp-content\/uploads\/2026\/03\/cropped-ICO.png","contentUrl":"https:\/\/ekspresa.com\/wp-content\/uploads\/2026\/03\/cropped-ICO.png","width":1007,"height":998,"caption":"Ekspresa"},"image":{"@id":"https:\/\/ekspresa.com\/es\/#\/schema\/logo\/image\/"}}]}},"_links":{"self":[{"href":"https:\/\/ekspresa.com\/es\/wp-json\/wp\/v2\/product\/12477","targetHints":{"allow":["GET"]}}],"collection":[{"href":"https:\/\/ekspresa.com\/es\/wp-json\/wp\/v2\/product"}],"about":[{"href":"https:\/\/ekspresa.com\/es\/wp-json\/wp\/v2\/types\/product"}],"replies":[{"embeddable":true,"href":"https:\/\/ekspresa.com\/es\/wp-json\/wp\/v2\/comments?post=12477"}],"wp:featuredmedia":[{"embeddable":true,"href":"https:\/\/ekspresa.com\/es\/wp-json\/wp\/v2\/media\/2619"}],"wp:attachment":[{"href":"https:\/\/ekspresa.com\/es\/wp-json\/wp\/v2\/media?parent=12477"}],"wp:term":[{"taxonomy":"product_brand","embeddable":true,"href":"https:\/\/ekspresa.com\/es\/wp-json\/wp\/v2\/product_brand?post=12477"},{"taxonomy":"product_cat","embeddable":true,"href":"https:\/\/ekspresa.com\/es\/wp-json\/wp\/v2\/product_cat?post=12477"},{"taxonomy":"product_tag","embeddable":true,"href":"https:\/\/ekspresa.com\/es\/wp-json\/wp\/v2\/product_tag?post=12477"}],"curies":[{"name":"wp","href":"https:\/\/api.w.org\/{rel}","templated":true}]}}