{"id":12490,"date":"2026-01-12T01:12:16","date_gmt":"2026-01-12T01:12:16","guid":{"rendered":"https:\/\/ekspresa.com\/producto\/ap-model-ap771\/"},"modified":"2026-03-27T20:00:20","modified_gmt":"2026-03-27T20:00:20","slug":"ap-model-ap771","status":"publish","type":"product","link":"https:\/\/ekspresa.com\/es\/producto\/ap-model-ap771\/","title":{"rendered":"AP &#8211; MODEL AP771"},"content":{"rendered":"<table>\n<thead>\n<tr>\n<th>Par\u00e1metro<\/th>\n<th>Especificaci\u00f3n<\/th>\n<\/tr>\n<\/thead>\n<tbody>\n<tr>\n<td>Tipo de instalaci\u00f3n<\/td>\n<td>Wall, Pole<\/td>\n<\/tr>\n<tr>\n<td>Dimensiones sin embalaje (alto x ancho x profundidad) [mm(pulg.)]<\/td>\n<td>270 mm x 196 mm x 51 mm (10.63 in. x 7.72 in. x 2.01 in.)<\/td>\n<\/tr>\n<tr>\n<td>Dimensiones con embalaje (alto x ancho x profundidad) [mm(pulg.)]<\/td>\n<td>110 mm x 356 mm x 250 mm (4.33 in. x 14.02 in. x 9.84 in.)<\/td>\n<\/tr>\n<tr>\n<td>Peso sin embalaje [kg(lb)]<\/td>\n<td>1.14 kg (2.51 lb)<\/td>\n<\/tr>\n<tr>\n<td>Peso con embalaje [kg(lb)]<\/td>\n<td>1.78 kg (3.92 lb)<\/td>\n<\/tr>\n<tr>\n<td>Modo de alimentaci\u00f3n<\/td>\n<td>PoE<\/td>\n<\/tr>\n<tr>\n<td>Tensi\u00f3n de entrada nominal [V]<\/td>\n<td>PoE: 802.3at\/af<\/td>\n<\/tr>\n<tr>\n<td>Rango de voltaje de entrada [V]<\/td>\n<td>PoE: 802.3at\/af<\/td>\n<\/tr>\n<tr>\n<td>Protecci\u00f3n contra sobretensiones en el puerto de servicio<\/td>\n<td>Puerto PoE: Sobretensi\u00f3n: Modo diferencial: 1,5 kV (D.1), 10\/700 us, 15 ohms + 25 ohms, criterio B; Modo diferencial: 1,5 kV (D.2), 10\/700 us, 15 ohms + 25 ohms, criterio C; Modo com\u00fan: 6 kV (C.3), 10\/700 us, 15 ohms + 25 ohms\/wire, criterio B: 6) Modo diferencial: 1 kV (D.1), 1,2\/50 us, 42 ohms, criterio B; Modo diferencial: 1 kV (D.2), 1,2\/50 us, 42 ohms, criterio B; Modo com\u00fan: 2 kV (C.3), 1,2\/50 us, 2 ohms + 40 ohms x n\/wire, criterio B; Corriente de irrupci\u00f3n: Modo diferencial: 250 A (D.2), 8\/20 \u03bcs, criterio C; Modo com\u00fan: 6 kA\/8 hilos, 8\/20 \u03bcs, criterio C<\/td>\n<\/tr>\n<tr>\n<td>N\u00famero m\u00e1ximo de puertos f\u00edsicos en todo el dispositivo.<\/td>\n<td>2.5GE (RJ45) x 1, detecci\u00f3n autom\u00e1tica de 100M\/1000M\/2.5G<\/td>\n<\/tr>\n<tr>\n<td>Temperatura de funcionamiento a largo plazo [\u00b0C (\u00b0F)]<\/td>\n<td>De -30 \u00b0C a +60 \u00b0C (de -22 \u00b0F a +140 \u00b0F) (Desde 1800 m hasta 5000 m [5905,51 pies hasta 16404,20 pies], la temperatura ambiente m\u00e1xima disminuye 1 \u00b0C [1,8 \u00b0F] por cada 300 m [984,25 pies] de aumento de altitud).<\/td>\n<\/tr>\n<tr>\n<td>Temperatura de almacenamiento [\u00b0C(\u00b0F)]<\/td>\n<td>\u201340\u00b0C to +70\u00b0C (\u201340\u00b0F to +158\u00b0F)<\/td>\n<\/tr>\n<tr>\n<td>Humedad relativa [HR] de funcionamiento a largo plazo<\/td>\n<td>Humedad de funcionamiento: del 5% al \u200b\u200b95% de humedad relativa; Humedad de almacenamiento: del 5% al \u200b\u200b95% de humedad relativa (sin condensaci\u00f3n).<\/td>\n<\/tr>\n<tr>\n<td>Altitud operativa a largo plazo [m(pies)]<\/td>\n<td>\u201360 m to +5000 m (\u2013196.85 ft to +16404.20 ft)<\/td>\n<\/tr>\n<tr>\n<td>Presi\u00f3n atmosf\u00e9rica [kPa]<\/td>\n<td>53kPa &#8211; 106kPa ETSI 300 019-2-3<\/td>\n<\/tr>\n<tr>\n<td>Nivel de protecci\u00f3n contra la entrada de polvo y agua.<\/td>\n<td>IP65<\/td>\n<\/tr>\n<tr>\n<td>Suelo<\/td>\n<td>Suelo flotante<\/td>\n<\/tr>\n<tr>\n<td>Resistencia al viento<\/td>\n<td>77 m\/s<\/td>\n<\/tr>\n<tr>\n<td>N\u00famero de radio<\/td>\n<td>2<\/td>\n<\/tr>\n<tr>\n<td>flujos espaciales MIMO<\/td>\n<td>Radio 0 (2.4 GHz): 2&#215;2; Radio 1 (5 GHz): 2&#215;2<\/td>\n<\/tr>\n<tr>\n<td>Est\u00e1ndar Wi-Fi<\/td>\n<td>2.4 GHz: 802.11b\/g\/n\/ax\/be; 5 GHz: 802.11a\/n\/ac\/ac Wave 2\/ax\/be<\/td>\n<\/tr>\n<tr>\n<td>Interfaz de radio<\/td>\n<td>Built-in omnidirectional antennas<\/td>\n<\/tr>\n<tr>\n<td>Ganancia de la antena<\/td>\n<td>2,4 GHz: 4 dBi\/cadena (valor pico), 2 dBi (ganancia combinada); 5 GHz: 7 dBi\/cadena (valor pico), 4 dBi (ganancia combinada)<\/td>\n<\/tr>\n<tr>\n<td>Potencia m\u00e1xima de transmisi\u00f3n<\/td>\n<td>2,4 GHz: 25 dBm\/cadena, 28 dBm (potencia combinada); 5 GHz: 24 dBm\/cadena, 27 dBm (potencia combinada)<\/td>\n<\/tr>\n<tr>\n<td>Consumo m\u00e1ximo de energ\u00eda [W]<\/td>\n<td>18.8<\/td>\n<\/tr>\n<tr>\n<td>Descripci\u00f3n de la fuente de alimentaci\u00f3n 802.3bt<\/td>\n<td>El modo de alimentaci\u00f3n se negocia seg\u00fan el est\u00e1ndar 802.3at y no se restringe ninguna funci\u00f3n.<\/td>\n<\/tr>\n<tr>\n<td>Descripci\u00f3n de la fuente de alimentaci\u00f3n 802.3at<\/td>\n<td>El modo de alimentaci\u00f3n se negocia seg\u00fan el est\u00e1ndar 802.3at y no se restringe ninguna funci\u00f3n.<\/td>\n<\/tr>\n<tr>\n<td>Descripci\u00f3n de la fuente de alimentaci\u00f3n 802.3af<\/td>\n<td>Si el modo de alimentaci\u00f3n se negocia a 802.3af, el rango de temperatura ambiente es de -10 \u00b0C a +60 \u00b0C (14 \u00b0F a 140 \u00b0F), y la potencia de transmisi\u00f3n de radio disminuye en 3 dB.<\/td>\n<\/tr>\n<tr>\n<td>Banda de frecuencia de funcionamiento<\/td>\n<td>2.4GHz, 5GHz<\/td>\n<\/tr>\n<tr>\n<td>Ancho de banda m\u00e1ximo del canal [MHz]<\/td>\n<td>Radio 0 (2.4 GHz): 40 MHz; Radio 1 (5 GHz): 160 MHz<\/td>\n<\/tr>\n<\/tbody>\n<\/table>\n","protected":false},"excerpt":{"rendered":"<p>AP771 (antena omnidireccional de doble banda 2+2 para exteriores, 11 bandas)<\/p>\n","protected":false},"featured_media":2601,"comment_status":"open","ping_status":"closed","template":"","meta":[],"product_brand":[],"product_cat":[142],"product_tag":[],"class_list":{"0":"post-12490","1":"product","2":"type-product","3":"status-publish","4":"has-post-thumbnail","6":"product_cat-ap","8":"first","9":"instock","10":"shipping-taxable","11":"purchasable","12":"product-type-simple"},"yoast_head":"<!-- This site is optimized with the Yoast SEO plugin v27.4 - https:\/\/yoast.com\/product\/yoast-seo-wordpress\/ -->\n<title>AP - MODEL AP771 - Ekspresa<\/title>\n<meta name=\"robots\" content=\"index, follow, max-snippet:-1, max-image-preview:large, max-video-preview:-1\" \/>\n<link rel=\"canonical\" href=\"https:\/\/ekspresa.com\/es\/producto\/ap-model-ap771\/\" \/>\n<meta property=\"og:locale\" content=\"es_ES\" \/>\n<meta property=\"og:type\" content=\"article\" \/>\n<meta property=\"og:title\" content=\"AP - MODEL AP771 - Ekspresa\" \/>\n<meta property=\"og:description\" content=\"AP771 (antena omnidireccional de doble banda 2+2 para exteriores, 11 bandas)\" \/>\n<meta property=\"og:url\" content=\"https:\/\/ekspresa.com\/es\/producto\/ap-model-ap771\/\" \/>\n<meta property=\"og:site_name\" content=\"Ekspresa\" \/>\n<meta property=\"article:modified_time\" content=\"2026-03-27T20:00:20+00:00\" \/>\n<meta property=\"og:image\" content=\"https:\/\/ekspresa.com\/wp-content\/uploads\/2026\/01\/AP771.png\" \/>\n\t<meta property=\"og:image:width\" content=\"720\" \/>\n\t<meta property=\"og:image:height\" content=\"719\" \/>\n\t<meta property=\"og:image:type\" content=\"image\/png\" \/>\n<meta name=\"twitter:card\" content=\"summary_large_image\" \/>\n<meta name=\"twitter:label1\" content=\"Tiempo de lectura\" \/>\n\t<meta name=\"twitter:data1\" content=\"3 minutos\" \/>\n<!-- \/ Yoast SEO plugin. -->","yoast_head_json":{"title":"AP - MODEL AP771 - Ekspresa","robots":{"index":"index","follow":"follow","max-snippet":"max-snippet:-1","max-image-preview":"max-image-preview:large","max-video-preview":"max-video-preview:-1"},"canonical":"https:\/\/ekspresa.com\/es\/producto\/ap-model-ap771\/","og_locale":"es_ES","og_type":"article","og_title":"AP - MODEL AP771 - Ekspresa","og_description":"AP771 (antena omnidireccional de doble banda 2+2 para exteriores, 11 bandas)","og_url":"https:\/\/ekspresa.com\/es\/producto\/ap-model-ap771\/","og_site_name":"Ekspresa","article_modified_time":"2026-03-27T20:00:20+00:00","og_image":[{"width":720,"height":719,"url":"https:\/\/ekspresa.com\/wp-content\/uploads\/2026\/01\/AP771.png","type":"image\/png"}],"twitter_card":"summary_large_image","twitter_misc":{"Tiempo de lectura":"3 minutos"},"schema":{"@context":"https:\/\/schema.org","@graph":[{"@type":"WebPage","@id":"https:\/\/ekspresa.com\/es\/producto\/ap-model-ap771\/","url":"https:\/\/ekspresa.com\/es\/producto\/ap-model-ap771\/","name":"AP - MODEL AP771 - Ekspresa","isPartOf":{"@id":"https:\/\/ekspresa.com\/es\/#website"},"primaryImageOfPage":{"@id":"https:\/\/ekspresa.com\/es\/producto\/ap-model-ap771\/#primaryimage"},"image":{"@id":"https:\/\/ekspresa.com\/es\/producto\/ap-model-ap771\/#primaryimage"},"thumbnailUrl":"https:\/\/ekspresa.com\/wp-content\/uploads\/2026\/01\/AP771.png","datePublished":"2026-01-12T01:12:16+00:00","dateModified":"2026-03-27T20:00:20+00:00","breadcrumb":{"@id":"https:\/\/ekspresa.com\/es\/producto\/ap-model-ap771\/#breadcrumb"},"inLanguage":"es","potentialAction":[{"@type":"ReadAction","target":["https:\/\/ekspresa.com\/es\/producto\/ap-model-ap771\/"]}]},{"@type":"ImageObject","inLanguage":"es","@id":"https:\/\/ekspresa.com\/es\/producto\/ap-model-ap771\/#primaryimage","url":"https:\/\/ekspresa.com\/wp-content\/uploads\/2026\/01\/AP771.png","contentUrl":"https:\/\/ekspresa.com\/wp-content\/uploads\/2026\/01\/AP771.png","width":720,"height":719},{"@type":"BreadcrumbList","@id":"https:\/\/ekspresa.com\/es\/producto\/ap-model-ap771\/#breadcrumb","itemListElement":[{"@type":"ListItem","position":1,"name":"Home","item":"https:\/\/ekspresa.com\/es\/"},{"@type":"ListItem","position":2,"name":"Tienda","item":"https:\/\/ekspresa.com\/es\/tienda\/"},{"@type":"ListItem","position":3,"name":"AP &#8211; MODEL AP771"}]},{"@type":"WebSite","@id":"https:\/\/ekspresa.com\/es\/#website","url":"https:\/\/ekspresa.com\/es\/","name":"Ekspresa","description":"Engineering services","publisher":{"@id":"https:\/\/ekspresa.com\/es\/#organization"},"potentialAction":[{"@type":"SearchAction","target":{"@type":"EntryPoint","urlTemplate":"https:\/\/ekspresa.com\/es\/?s={search_term_string}"},"query-input":{"@type":"PropertyValueSpecification","valueRequired":true,"valueName":"search_term_string"}}],"inLanguage":"es"},{"@type":"Organization","@id":"https:\/\/ekspresa.com\/es\/#organization","name":"Ekspresa","url":"https:\/\/ekspresa.com\/es\/","logo":{"@type":"ImageObject","inLanguage":"es","@id":"https:\/\/ekspresa.com\/es\/#\/schema\/logo\/image\/","url":"https:\/\/ekspresa.com\/wp-content\/uploads\/2026\/03\/cropped-ICO.png","contentUrl":"https:\/\/ekspresa.com\/wp-content\/uploads\/2026\/03\/cropped-ICO.png","width":1007,"height":998,"caption":"Ekspresa"},"image":{"@id":"https:\/\/ekspresa.com\/es\/#\/schema\/logo\/image\/"}}]}},"_links":{"self":[{"href":"https:\/\/ekspresa.com\/es\/wp-json\/wp\/v2\/product\/12490","targetHints":{"allow":["GET"]}}],"collection":[{"href":"https:\/\/ekspresa.com\/es\/wp-json\/wp\/v2\/product"}],"about":[{"href":"https:\/\/ekspresa.com\/es\/wp-json\/wp\/v2\/types\/product"}],"replies":[{"embeddable":true,"href":"https:\/\/ekspresa.com\/es\/wp-json\/wp\/v2\/comments?post=12490"}],"wp:featuredmedia":[{"embeddable":true,"href":"https:\/\/ekspresa.com\/es\/wp-json\/wp\/v2\/media\/2601"}],"wp:attachment":[{"href":"https:\/\/ekspresa.com\/es\/wp-json\/wp\/v2\/media?parent=12490"}],"wp:term":[{"taxonomy":"product_brand","embeddable":true,"href":"https:\/\/ekspresa.com\/es\/wp-json\/wp\/v2\/product_brand?post=12490"},{"taxonomy":"product_cat","embeddable":true,"href":"https:\/\/ekspresa.com\/es\/wp-json\/wp\/v2\/product_cat?post=12490"},{"taxonomy":"product_tag","embeddable":true,"href":"https:\/\/ekspresa.com\/es\/wp-json\/wp\/v2\/product_tag?post=12490"}],"curies":[{"name":"wp","href":"https:\/\/api.w.org\/{rel}","templated":true}]}}